{"id":609,"date":"2015-04-17T22:25:26","date_gmt":"2015-04-17T20:25:26","guid":{"rendered":"http:\/\/boisleroijumelage.olympe.in\/?page_id=609"},"modified":"2016-09-12T13:07:35","modified_gmt":"2016-09-12T12:07:35","slug":"semaine-des-jeunes-2011","status":"publish","type":"page","link":"http:\/\/boisleroijumelage.fr\/index.php\/activites\/annuelles\/activites-2011\/semaine-des-jeunes-2011\/","title":{"rendered":"Semaine des jeunes 2011"},"content":{"rendered":"<p>Comme chaque \u00e9t\u00e9, ce sont 10 allemands et 10 fran\u00e7ais qui se sont retrouv\u00e9s \u00e0 Bois le Roi pour une semaine riche en activit\u00e9s, sur le th\u00e8me du moyen age et de la\u00a0musique.<\/p>\n<p><a href=\"\/wp-content\/uploads\/2015\/04\/JUMELAGE_JEUNES_2011_PROGRAMME.pdf\" target=\"_blank\">D\u00e9couvrez le programmes des activit\u00e9s !<\/a><\/p>\n<p><a href=\"\/wp-content\/uploads\/2015\/04\/COMPTE_RENDU_DE_LA_SEMAINE_DES_JEUNES-2011.pdf\" target=\"_blank\">Ici le compte-rendu !<br \/>\n<\/a><\/p>\n<p><a href=\"https:\/\/www.facebook.com\/media\/set\/?set=a.288549624578119.51962.288305774602504&amp;type=3\" target=\"_blank\">Plus de photos ici<\/a> ;)<\/p>\n<p><img loading=\"lazy\" decoding=\"async\" class=\"wp-image-612 alignleft\" src=\"http:\/\/boisleroijumelage.fr\/wp-content\/uploads\/2015\/04\/SAM_0627.jpg\" alt=\"\" width=\"350\" height=\"263\" \/><\/p>\n<p><img loading=\"lazy\" decoding=\"async\" class=\"alignright wp-image-613\" src=\"http:\/\/boisleroijumelage.fr\/wp-content\/uploads\/2015\/04\/SAM_0496.jpg\" alt=\"\" width=\"350\" height=\"263\" \/><\/p>\n<p>&nbsp;<\/p>\n<p>&nbsp;<\/p>\n<p>&nbsp;<\/p>\n<p>&nbsp;<\/p>\n<p>&nbsp;<\/p>\n<p>&nbsp;<\/p>\n<p>&nbsp;<\/p>\n<p>&nbsp;<\/p>\n<p><img loading=\"lazy\" decoding=\"async\" class=\"alignleft wp-image-615\" src=\"http:\/\/boisleroijumelage.fr\/wp-content\/uploads\/2015\/04\/251999_259512260744631_100000575767111_960063_4211492_n.jpg\" alt=\"\" width=\"350\" height=\"263\" \/><\/p>\n<p><img loading=\"lazy\" decoding=\"async\" class=\"alignright wp-image-614\" src=\"http:\/\/boisleroijumelage.fr\/wp-content\/uploads\/2015\/04\/SAM_0508.jpg\" alt=\"\" width=\"350\" height=\"263\" \/><\/p>\n<p>&nbsp;<\/p>\n<p>&nbsp;<\/p>\n<p>&nbsp;<\/p>\n<p>&nbsp;<\/p>\n<p>&nbsp;<\/p>\n<p>&nbsp;<\/p>\n<p>&nbsp;<\/p>\n<p>&nbsp;<\/p>\n<p>&nbsp;<\/p>\n","protected":false},"excerpt":{"rendered":"<p>Comme chaque \u00e9t\u00e9, ce sont 10 allemands et 10 fran\u00e7ais qui se sont retrouv\u00e9s \u00e0 Bois le Roi pour une semaine riche en activit\u00e9s, sur le th\u00e8me du moyen age et de la\u00a0musique. D\u00e9couvrez le programmes des activit\u00e9s ! Ici le compte-rendu ! Plus de photos ici ;) &nbsp; &nbsp; &nbsp; &nbsp; &nbsp; &nbsp; &nbsp;&#8230;<\/p>\n","protected":false},"author":1,"featured_media":0,"parent":409,"menu_order":30,"comment_status":"closed","ping_status":"open","template":"","meta":{"_kadence_starter_templates_imported_post":false,"_kad_post_transparent":"","_kad_post_title":"","_kad_post_layout":"","_kad_post_sidebar_id":"","_kad_post_content_style":"","_kad_post_vertical_padding":"","_kad_post_feature":"","_kad_post_feature_position":"","_kad_post_header":false,"_kad_post_footer":false,"_kad_post_classname":"","footnotes":""},"class_list":["post-609","page","type-page","status-publish","hentry"],"_links":{"self":[{"href":"http:\/\/boisleroijumelage.fr\/index.php\/wp-json\/wp\/v2\/pages\/609","targetHints":{"allow":["GET"]}}],"collection":[{"href":"http:\/\/boisleroijumelage.fr\/index.php\/wp-json\/wp\/v2\/pages"}],"about":[{"href":"http:\/\/boisleroijumelage.fr\/index.php\/wp-json\/wp\/v2\/types\/page"}],"author":[{"embeddable":true,"href":"http:\/\/boisleroijumelage.fr\/index.php\/wp-json\/wp\/v2\/users\/1"}],"replies":[{"embeddable":true,"href":"http:\/\/boisleroijumelage.fr\/index.php\/wp-json\/wp\/v2\/comments?post=609"}],"version-history":[{"count":3,"href":"http:\/\/boisleroijumelage.fr\/index.php\/wp-json\/wp\/v2\/pages\/609\/revisions"}],"predecessor-version":[{"id":2188,"href":"http:\/\/boisleroijumelage.fr\/index.php\/wp-json\/wp\/v2\/pages\/609\/revisions\/2188"}],"up":[{"embeddable":true,"href":"http:\/\/boisleroijumelage.fr\/index.php\/wp-json\/wp\/v2\/pages\/409"}],"wp:attachment":[{"href":"http:\/\/boisleroijumelage.fr\/index.php\/wp-json\/wp\/v2\/media?parent=609"}],"curies":[{"name":"wp","href":"https:\/\/api.w.org\/{rel}","templated":true}]}}