{"id":617,"date":"2015-04-17T22:20:46","date_gmt":"2015-04-17T21:20:46","guid":{"rendered":"http:\/\/boisleroijumelage.olympe.in\/?page_id=617"},"modified":"2016-04-17T23:03:43","modified_gmt":"2016-04-17T22:03:43","slug":"festival-of-europe","status":"publish","type":"page","link":"http:\/\/boisleroijumelage.fr\/index.php\/activites\/recurrentes\/festival-of-europe\/","title":{"rendered":"Festival of Europe"},"content":{"rendered":"<p>En 2011, nous \u00a0entrions en \u00a0contact avec l&rsquo;association<a href=\"https:\/\/www.facebook.com\/colorsofeurope\/\" target=\"_blank\"> Colors of Europe<\/a> , organisatrice du \u00a01er \u00a0<a href=\"http:\/\/festivalofeurope.org\/\" target=\"_blank\">Festival of Europe<\/a>. Il nous a \u00e9t\u00e9 propos\u00e9 de tenir \u00a0un stand pour le jumelage durant deux jours, sur l&rsquo;espace du canal de Fontainebleau. Ce village europ\u00e9en regroupe de nombreux partenaires, qu&rsquo;ils soient marchands ou associatifs, ainsi que des activit\u00e9s vari\u00e9es, des conf\u00e9rences, des concerts, des jeux et animations&#8230; Cela nous a permis de d\u00e9couvrir la diversit\u00e9 politique, g\u00e9ographique, culturelle, \u00a0des passions et des loisirs des pays europ\u00e9ens pr\u00e9sents. \u00a0Ce premier festival fut une r\u00e9ussite ! \u00a0Depuis, \u00a0une\u00a0\u00a0 \u00a0nouvelle \u00a0\u00e9dition de ce <a href=\"https:\/\/www.facebook.com\/festivalofeurope\" target=\"_blank\">festival<\/a> \u00a0d\u00e9sormais connu et reconnu, \u00a0a \u00a0lieu chaque ann\u00e9e au mois de mai, sur \u00a0la Base de Loisirs \u00a0de Bois le Roi pour le plus grand plaisir de tous, et le nombre de visiteurs augmente sans cesse.<\/p>\n","protected":false},"excerpt":{"rendered":"<p>En 2011, nous \u00a0entrions en \u00a0contact avec l&rsquo;association Colors of Europe , organisatrice du \u00a01er \u00a0Festival of Europe. Il nous a \u00e9t\u00e9 propos\u00e9 de tenir \u00a0un stand pour le jumelage durant deux jours, sur l&rsquo;espace du canal de Fontainebleau. Ce village europ\u00e9en regroupe de nombreux partenaires, qu&rsquo;ils soient marchands ou associatifs, ainsi que des activit\u00e9s&#8230;<\/p>\n","protected":false},"author":1,"featured_media":0,"parent":199,"menu_order":50,"comment_status":"closed","ping_status":"closed","template":"","meta":{"_kadence_starter_templates_imported_post":false,"_kad_post_transparent":"","_kad_post_title":"","_kad_post_layout":"","_kad_post_sidebar_id":"","_kad_post_content_style":"","_kad_post_vertical_padding":"","_kad_post_feature":"","_kad_post_feature_position":"","_kad_post_header":false,"_kad_post_footer":false,"_kad_post_classname":"","footnotes":""},"class_list":["post-617","page","type-page","status-publish","hentry"],"_links":{"self":[{"href":"http:\/\/boisleroijumelage.fr\/index.php\/wp-json\/wp\/v2\/pages\/617","targetHints":{"allow":["GET"]}}],"collection":[{"href":"http:\/\/boisleroijumelage.fr\/index.php\/wp-json\/wp\/v2\/pages"}],"about":[{"href":"http:\/\/boisleroijumelage.fr\/index.php\/wp-json\/wp\/v2\/types\/page"}],"author":[{"embeddable":true,"href":"http:\/\/boisleroijumelage.fr\/index.php\/wp-json\/wp\/v2\/users\/1"}],"replies":[{"embeddable":true,"href":"http:\/\/boisleroijumelage.fr\/index.php\/wp-json\/wp\/v2\/comments?post=617"}],"version-history":[{"count":4,"href":"http:\/\/boisleroijumelage.fr\/index.php\/wp-json\/wp\/v2\/pages\/617\/revisions"}],"predecessor-version":[{"id":1975,"href":"http:\/\/boisleroijumelage.fr\/index.php\/wp-json\/wp\/v2\/pages\/617\/revisions\/1975"}],"up":[{"embeddable":true,"href":"http:\/\/boisleroijumelage.fr\/index.php\/wp-json\/wp\/v2\/pages\/199"}],"wp:attachment":[{"href":"http:\/\/boisleroijumelage.fr\/index.php\/wp-json\/wp\/v2\/media?parent=617"}],"curies":[{"name":"wp","href":"https:\/\/api.w.org\/{rel}","templated":true}]}}