{"id":630,"date":"2015-04-18T01:58:22","date_gmt":"2015-04-17T23:58:22","guid":{"rendered":"http:\/\/boisleroijumelage.olympe.in\/?page_id=630"},"modified":"2016-09-12T13:08:10","modified_gmt":"2016-09-12T12:08:10","slug":"marche-de-noel-2011","status":"publish","type":"page","link":"http:\/\/boisleroijumelage.fr\/index.php\/activites\/annuelles\/activites-2011\/marche-de-noel-2011\/","title":{"rendered":"March\u00e9 de no\u00ebl 2011"},"content":{"rendered":"<p><span style=\"color: #000000;\">L&rsquo;Association a particip\u00e9 le 11 d\u00e9cembre au traditionnel March\u00e9 de No\u00ebl, place de la gare.<\/span><\/p>\n<p><a href=\"\/wp-content\/uploads\/2015\/04\/March\u00e9-de-no\u00ebl-11.jpg\"><img loading=\"lazy\" decoding=\"async\" class=\"alignleft wp-image-631\" src=\"http:\/\/boisleroijumelage.fr\/wp-content\/uploads\/2015\/04\/March\u00e9-de-no\u00ebl-11.jpg\" alt=\"[cml_media_alt id='631']March\u00e9 de no\u00ebl 1[\/cml_media_alt]\" width=\"350\" height=\"263\" \/><\/a> <a href=\"\/wp-content\/uploads\/2015\/04\/March\u00e9-de-no\u00ebl-2.jpg\"><img loading=\"lazy\" decoding=\"async\" class=\"alignright wp-image-632\" src=\"http:\/\/boisleroijumelage.fr\/wp-content\/uploads\/2015\/04\/March\u00e9-de-no\u00ebl-2.jpg\" alt=\"[cml_media_alt id='632']March\u00e9 de no\u00ebl 2[\/cml_media_alt]\" width=\"350\" height=\"263\" \/><\/a><\/p>\n","protected":false},"excerpt":{"rendered":"<p>L&rsquo;Association a particip\u00e9 le 11 d\u00e9cembre au traditionnel March\u00e9 de No\u00ebl, place de la gare.<\/p>\n","protected":false},"author":1,"featured_media":0,"parent":409,"menu_order":40,"comment_status":"closed","ping_status":"closed","template":"","meta":{"_kadence_starter_templates_imported_post":false,"_kad_post_transparent":"","_kad_post_title":"","_kad_post_layout":"","_kad_post_sidebar_id":"","_kad_post_content_style":"","_kad_post_vertical_padding":"","_kad_post_feature":"","_kad_post_feature_position":"","_kad_post_header":false,"_kad_post_footer":false,"_kad_post_classname":"","footnotes":""},"class_list":["post-630","page","type-page","status-publish","hentry"],"_links":{"self":[{"href":"http:\/\/boisleroijumelage.fr\/index.php\/wp-json\/wp\/v2\/pages\/630","targetHints":{"allow":["GET"]}}],"collection":[{"href":"http:\/\/boisleroijumelage.fr\/index.php\/wp-json\/wp\/v2\/pages"}],"about":[{"href":"http:\/\/boisleroijumelage.fr\/index.php\/wp-json\/wp\/v2\/types\/page"}],"author":[{"embeddable":true,"href":"http:\/\/boisleroijumelage.fr\/index.php\/wp-json\/wp\/v2\/users\/1"}],"replies":[{"embeddable":true,"href":"http:\/\/boisleroijumelage.fr\/index.php\/wp-json\/wp\/v2\/comments?post=630"}],"version-history":[{"count":3,"href":"http:\/\/boisleroijumelage.fr\/index.php\/wp-json\/wp\/v2\/pages\/630\/revisions"}],"predecessor-version":[{"id":2193,"href":"http:\/\/boisleroijumelage.fr\/index.php\/wp-json\/wp\/v2\/pages\/630\/revisions\/2193"}],"up":[{"embeddable":true,"href":"http:\/\/boisleroijumelage.fr\/index.php\/wp-json\/wp\/v2\/pages\/409"}],"wp:attachment":[{"href":"http:\/\/boisleroijumelage.fr\/index.php\/wp-json\/wp\/v2\/media?parent=630"}],"curies":[{"name":"wp","href":"https:\/\/api.w.org\/{rel}","templated":true}]}}