{"id":666,"date":"2015-04-18T05:00:05","date_gmt":"2015-04-18T03:00:05","guid":{"rendered":"http:\/\/boisleroijumelage.olympe.in\/?page_id=666"},"modified":"2016-03-10T19:16:16","modified_gmt":"2016-03-10T18:16:16","slug":"ferienjobs-2011","status":"publish","type":"page","link":"http:\/\/boisleroijumelage.fr\/index.php\/activites\/annuelles\/activites-2011\/ferienjobs-2011\/","title":{"rendered":"Ferienjobs 2011"},"content":{"rendered":"<p><a title=\"Ferienjobs\" href=\"http:\/\/boisleroijumelage.fr\/index.php\/activites\/recurrentes\/ferienjobs\/\">Cliquez ici pour d\u00e9couvrir le principe des Ferienjobs !<\/a><\/p>\n<p>D\u00e9couvrez le t\u00e9moignage des jeunes de cette ann\u00e9e :<\/p>\n<p>&#8211;\u00a0<a href=\"\/wp-content\/uploads\/2015\/04\/T\u00e9moignage-de-Pierre-Ferienjobs-2011.pdf\">Pierre, \u00e0 Langenargen<\/a><\/p>\n<p>&#8211; <a href=\"\/wp-content\/uploads\/2015\/04\/T\u00e9moignage-de-Cl\u00e9ment-Ferienjobs-2011.pdf\">Cl\u00e9ment, \u00e0 Langenargen<\/a><\/p>\n<p>&#8211;\u00a0<a href=\"\/wp-content\/uploads\/2015\/04\/T\u00e9moignage-de-Denise-Ferienjobs-2011.pdf\">Denise, \u00e0 Bois le Roi<\/a><\/p>\n","protected":false},"excerpt":{"rendered":"<p>Cliquez ici pour d\u00e9couvrir le principe des Ferienjobs ! D\u00e9couvrez le t\u00e9moignage des jeunes de cette ann\u00e9e : &#8211;\u00a0Pierre, \u00e0 Langenargen &#8211; Cl\u00e9ment, \u00e0 Langenargen &#8211;\u00a0Denise, \u00e0 Bois le Roi<\/p>\n","protected":false},"author":1,"featured_media":0,"parent":409,"menu_order":10,"comment_status":"closed","ping_status":"closed","template":"","meta":{"_kadence_starter_templates_imported_post":false,"_kad_post_transparent":"","_kad_post_title":"","_kad_post_layout":"","_kad_post_sidebar_id":"","_kad_post_content_style":"","_kad_post_vertical_padding":"","_kad_post_feature":"","_kad_post_feature_position":"","_kad_post_header":false,"_kad_post_footer":false,"_kad_post_classname":"","footnotes":""},"class_list":["post-666","page","type-page","status-publish","hentry"],"_links":{"self":[{"href":"http:\/\/boisleroijumelage.fr\/index.php\/wp-json\/wp\/v2\/pages\/666","targetHints":{"allow":["GET"]}}],"collection":[{"href":"http:\/\/boisleroijumelage.fr\/index.php\/wp-json\/wp\/v2\/pages"}],"about":[{"href":"http:\/\/boisleroijumelage.fr\/index.php\/wp-json\/wp\/v2\/types\/page"}],"author":[{"embeddable":true,"href":"http:\/\/boisleroijumelage.fr\/index.php\/wp-json\/wp\/v2\/users\/1"}],"replies":[{"embeddable":true,"href":"http:\/\/boisleroijumelage.fr\/index.php\/wp-json\/wp\/v2\/comments?post=666"}],"version-history":[{"count":2,"href":"http:\/\/boisleroijumelage.fr\/index.php\/wp-json\/wp\/v2\/pages\/666\/revisions"}],"predecessor-version":[{"id":1554,"href":"http:\/\/boisleroijumelage.fr\/index.php\/wp-json\/wp\/v2\/pages\/666\/revisions\/1554"}],"up":[{"embeddable":true,"href":"http:\/\/boisleroijumelage.fr\/index.php\/wp-json\/wp\/v2\/pages\/409"}],"wp:attachment":[{"href":"http:\/\/boisleroijumelage.fr\/index.php\/wp-json\/wp\/v2\/media?parent=666"}],"curies":[{"name":"wp","href":"https:\/\/api.w.org\/{rel}","templated":true}]}}