{"id":747,"date":"2015-06-19T23:53:12","date_gmt":"2015-06-19T21:53:12","guid":{"rendered":"http:\/\/boisleroijumelage.olympe.in\/?page_id=747"},"modified":"2016-09-12T13:10:40","modified_gmt":"2016-09-12T12:10:40","slug":"tour-de-velo-dans-le-morvan-2012","status":"publish","type":"page","link":"http:\/\/boisleroijumelage.fr\/index.php\/activites\/annuelles\/activites-2012\/tour-de-velo-dans-le-morvan-2012\/","title":{"rendered":"Tour de v\u00e9lo dans le Morvan 2012"},"content":{"rendered":"<h6>Du 1er au 6 juillet 2012 a eu lieu le Tour du Morvan \u00e0 v\u00e9lo au terme duquel \u00ab\u00a0les Pompons\u00a0\u00bb sont repartis en Allemagne.<\/h6>\n<p>&nbsp;<\/p>\n<p>D\u00e9couvrez plus de photos <a href=\"https:\/\/www.facebook.com\/media\/set\/?set=a.773185146114562.1073741832.288305774602504&amp;type=1&amp;l=aedcef3ff3\" target=\"_blank\">ici <\/a>!<\/p>\n<p><img loading=\"lazy\" decoding=\"async\" class=\"alignleft wp-image-760\" src=\"http:\/\/boisleroijumelage.fr\/wp-content\/uploads\/2015\/06\/20120701_Morvan__28_.JPG.jpg\" alt=\"[cml_media_alt id='760']20120701_Morvan__28_.JPG[\/cml_media_alt]\" width=\"350\" height=\"263\" \/><\/p>\n<p><a href=\"\/wp-content\/uploads\/2015\/06\/20120701_Morvan__79_.JPG.jpg\"><img loading=\"lazy\" decoding=\"async\" class=\"wp-image-770 alignright\" src=\"http:\/\/boisleroijumelage.fr\/wp-content\/uploads\/2015\/06\/20120701_Morvan__79_.JPG.jpg\" alt=\"[cml_media_alt id='770']20120701_Morvan__79_.JPG[\/cml_media_alt]\" width=\"350\" height=\"233\" \/><\/a><\/p>\n<p>&nbsp;<\/p>\n<p>&nbsp;<\/p>\n<p>&nbsp;<\/p>\n<p>&nbsp;<\/p>\n<p>&nbsp;<\/p>\n<p>&nbsp;<\/p>\n<p>&nbsp;<\/p>\n<p><img loading=\"lazy\" decoding=\"async\" class=\"alignleft wp-image-778\" src=\"http:\/\/boisleroijumelage.fr\/wp-content\/uploads\/2015\/06\/20120701_Morvan__117_.JPG.jpg\" alt=\"[cml_media_alt id='778']20120701_Morvan__117_.JPG[\/cml_media_alt]\" width=\"350\" height=\"233\" \/><\/p>\n<p>&nbsp;<\/p>\n<p>&nbsp;<\/p>\n<p>&nbsp;<\/p>\n<p>&nbsp;<\/p>\n<p>&nbsp;<\/p>\n<p>&nbsp;<\/p>\n<p>&nbsp;<\/p>\n<p><a href=\"http:\/\/boisleroijumelage.fr\/wp-content\/uploads\/2015\/06\/20120701_Morvan__123_.JPG.jpg\"><br \/>\n<\/a><\/p>\n","protected":false},"excerpt":{"rendered":"<p>Du 1er au 6 juillet 2012 a eu lieu le Tour du Morvan \u00e0 v\u00e9lo au terme duquel \u00ab\u00a0les Pompons\u00a0\u00bb sont repartis en Allemagne. &nbsp; D\u00e9couvrez plus de photos ici ! &nbsp; &nbsp; &nbsp; &nbsp; &nbsp; &nbsp; &nbsp; &nbsp; &nbsp; &nbsp; &nbsp; &nbsp; &nbsp; &nbsp;<\/p>\n","protected":false},"author":1,"featured_media":0,"parent":411,"menu_order":0,"comment_status":"closed","ping_status":"open","template":"","meta":{"_kadence_starter_templates_imported_post":false,"_kad_post_transparent":"","_kad_post_title":"","_kad_post_layout":"","_kad_post_sidebar_id":"","_kad_post_content_style":"","_kad_post_vertical_padding":"","_kad_post_feature":"","_kad_post_feature_position":"","_kad_post_header":false,"_kad_post_footer":false,"_kad_post_classname":"","footnotes":""},"class_list":["post-747","page","type-page","status-publish","hentry"],"_links":{"self":[{"href":"http:\/\/boisleroijumelage.fr\/index.php\/wp-json\/wp\/v2\/pages\/747","targetHints":{"allow":["GET"]}}],"collection":[{"href":"http:\/\/boisleroijumelage.fr\/index.php\/wp-json\/wp\/v2\/pages"}],"about":[{"href":"http:\/\/boisleroijumelage.fr\/index.php\/wp-json\/wp\/v2\/types\/page"}],"author":[{"embeddable":true,"href":"http:\/\/boisleroijumelage.fr\/index.php\/wp-json\/wp\/v2\/users\/1"}],"replies":[{"embeddable":true,"href":"http:\/\/boisleroijumelage.fr\/index.php\/wp-json\/wp\/v2\/comments?post=747"}],"version-history":[{"count":6,"href":"http:\/\/boisleroijumelage.fr\/index.php\/wp-json\/wp\/v2\/pages\/747\/revisions"}],"predecessor-version":[{"id":2199,"href":"http:\/\/boisleroijumelage.fr\/index.php\/wp-json\/wp\/v2\/pages\/747\/revisions\/2199"}],"up":[{"embeddable":true,"href":"http:\/\/boisleroijumelage.fr\/index.php\/wp-json\/wp\/v2\/pages\/411"}],"wp:attachment":[{"href":"http:\/\/boisleroijumelage.fr\/index.php\/wp-json\/wp\/v2\/media?parent=747"}],"curies":[{"name":"wp","href":"https:\/\/api.w.org\/{rel}","templated":true}]}}