{"id":813,"date":"2015-06-21T15:28:59","date_gmt":"2015-06-21T13:28:59","guid":{"rendered":"http:\/\/boisleroijumelage.olympe.in\/?page_id=813"},"modified":"2016-04-17T23:29:23","modified_gmt":"2016-04-17T22:29:23","slug":"festival-of-europe-2013","status":"publish","type":"page","link":"http:\/\/boisleroijumelage.fr\/index.php\/activites\/annuelles\/activites-2013\/festival-of-europe-2013\/","title":{"rendered":"Festival of Europe 2013"},"content":{"rendered":"<p>Notre \u00e9quipe a particip\u00e9 aux grandes festivit\u00e9s organis\u00e9es par Colors of Europe. De belles rencontres sur notre stand aux c\u00f4t\u00e9s de nos amis allemands et italiens ; d\u00e9gustations de sp\u00e9cialit\u00e9s allemandes ; tournoi de l\u2019amiti\u00e9 des pongistes franco-allemand et aussi un Flashmob initi\u00e9 par les jeunes qui a embras\u00e9 la foule ! Danses, concerts, th\u00e9\u00e2tre, jeux ont rythm\u00e9 le week-end dans une belle atmosph\u00e8re europ\u00e9enne !<\/p>\n<p>Plus d&rsquo;infos et photos sur le <a href=\"http:\/\/www.festivalofeurope.org\/dossiers\/dossier_32_compte+rendu+edition+2013.html\" target=\"_blank\">site officiel<\/a> ;)<\/p>\n<p>Retrouvez quelques t\u00e9moignages des jeunes :<\/p>\n<p>La seconde \u00e9dition du Festival of Europe s\u2019est d\u00e9roul\u00e9e \u00e0 Bois le Roi le week-end de pentec\u00f4te, o\u00f9 nous avons tous pu prendre part \u00e0 la f\u00eate\u00a0!\u00a0 Ce fut une rencontre amicale et chaleureuse des repr\u00e9sentants de 15 pays diff\u00e9rents. De nombreuses activit\u00e9s \u00e9taient programm\u00e9es sur la base\u00a0: danses traditionnelles, chants, th\u00e9\u00e2tre\u2026 La pluie nous a \u00e9pargn\u00e9 pour le concert du samedi soir, o\u00f9 quatre groupes diff\u00e9rents ont mis le feu \u00e0 la sc\u00e8ne\u00a0! Le jumelage y a tenu un stand sur les deux jours, o\u00f9 nous avons pu parler de nos activit\u00e9s et de nos voyages et vendre des sp\u00e9cialit\u00e9s allemandes. Avec les jeunes du jumelage, nous avons r\u00e9alis\u00e9 un flash mob \u00e0 trois reprises, o\u00f9 les visiteurs nous ont rejoints avec enthousiasme\u00a0! Ce fut pour tous des moments tr\u00e8s agr\u00e9ables pass\u00e9s ensemble, et nous en programmons bien d\u2019autres encore cet \u00e9t\u00e9 avec l\u2019Uferfest \u2013f\u00eate annuelle du bord du lac \u00e0 Langenargen- suivi de la semaine des jeunes franco-allemande sur le th\u00e8me de la for\u00eat \u00e0 Bois le Roi cette ann\u00e9e\u00a0!<\/p>\n<p><strong>Magalie Brisse, 17 ans<\/strong><\/p>\n<p>&nbsp;<\/p>\n<p>Le week-end du festival de l\u2019Europe fut une tr\u00e8s bonne exp\u00e9rience et s\u2019est merveilleusement bien d\u00e9roul\u00e9 mise \u00e0 part les intemp\u00e9ries m\u00e9t\u00e9orologiques du samedi que nous eurent plaisir \u00e0 oublier et qui disparurent lorsque nous nous m\u00eemes \u00e0 danser. Par ailleurs il y avait une richesse culturelle, une amiti\u00e9 sans fronti\u00e8re g\u00e9ographique et des sourires comme s&rsquo;il en pleuvait entre les diff\u00e9rents stands. Les plus jeunes comme les plus vieux, les danseurs et les danseuses comme les animateurs et animatrices de stand tap\u00e8rent du pied sur la piste de danse tous en symbiose. La musique \u00e9tait au rendez vous jusque tr\u00e8s tard le soir, on ne manquait pas de manger et de festoyer! Les rencontres ne se comptaient plus et le bonheur qui en d\u00e9coulait non plus.<\/p>\n<p>Merci \u00e0 tous pour ce merveilleux week-end\u00a0!<\/p>\n<p><strong>Mathieu Talon, 17 ans<\/strong><\/p>\n<p><strong>\u00a0<\/strong><\/p>\n<p>Lors du festival de l\u2019Europe, nous avons pu go\u00fbter des sp\u00e9cialit\u00e9s culinaires polonaises et antillaises notamment, et nous avons \u00e9galement vu des danses traditionnelles. Nous avons aid\u00e9 au stand du jumelage et vendu des sp\u00e9cialit\u00e9s allemandes au profit de celui-ci, qui nous a amen\u00e9 au contact des personnes pr\u00e9sentes. Mais l\u2019un des meilleurs moments fut le samedi soir lors du concert\u00a0; en effet, les groupes \u00e9taient tr\u00e8s bons et l\u2019ambiance tr\u00e8s sympa\u00a0!<\/p>\n<p><strong>Clara Menu, 17 ans<\/strong><\/p>\n<p><strong>\u00a0<\/strong><\/p>\n<p>L\u2019originalit\u00e9 du festival et la diversit\u00e9 culturelle au niveau des stands, des danses et de la musique m\u2019a \u00e9norm\u00e9ment plu. Il y avait aussi beaucoup d\u2019activit\u00e9s qui pouvaient convenir \u00e0 tout le monde. Seul le temps n\u2019\u00e9tait malheureusement pas au rendez-vous mais cela ne m\u2019a pas emp\u00each\u00e9 de passer de tr\u00e8s bons moments \u00e0 ce festival de l\u2019Europe\u00a0!<\/p>\n<p><strong>Amutha Dharmalingam, 18 ans<\/strong><\/p>\n<p><strong>\u00a0<\/strong><\/p>\n<p>Le festival de l\u2019Europe fut encore une fois vraiment bien r\u00e9ussi cette ann\u00e9e. La collaboration, l\u2019entraide et la bonne humeur de chacun ont r\u00e9ellement permis de mettre en \u0153uvre toute l\u2019organisation et la r\u00e9alisation de ce gigantesque \u00e9v\u00e9nement. Ainsi \u00e0 la hauteur de nos esp\u00e9rances, la f\u00eate fut au rendez-vous et les participants ont ainsi pu d\u00e9couvrir les nombreuses sp\u00e9cialit\u00e9s en provenance de diff\u00e9rents pays. Les danses et jeux traditionnels furent \u00e9galement mis \u00e0 l\u2019honneur au sein des multiples cultures rassembl\u00e9es. Malgr\u00e9 les conditions climatiques qui furent plut\u00f4t d\u00e9favorables, les participants ont tout de m\u00eame pris part aux activit\u00e9s propos\u00e9es et la bonne humeur resta omnipr\u00e9sente alliant musique et danse tout au long de la soir\u00e9e. Un grand bravo aux organisateurs\u00a0!!<\/p>\n<p><strong>B\u00e9atrice Brajeul, 18 ans<\/strong><\/p>\n","protected":false},"excerpt":{"rendered":"<p>Notre \u00e9quipe a particip\u00e9 aux grandes festivit\u00e9s organis\u00e9es par Colors of Europe. De belles rencontres sur notre stand aux c\u00f4t\u00e9s de nos amis allemands et italiens ; d\u00e9gustations de sp\u00e9cialit\u00e9s allemandes ; tournoi de l\u2019amiti\u00e9 des pongistes franco-allemand et aussi un Flashmob initi\u00e9 par les jeunes qui a embras\u00e9 la foule ! Danses, concerts, th\u00e9\u00e2tre,&#8230;<\/p>\n","protected":false},"author":1,"featured_media":0,"parent":413,"menu_order":0,"comment_status":"closed","ping_status":"open","template":"","meta":{"_kadence_starter_templates_imported_post":false,"_kad_post_transparent":"","_kad_post_title":"","_kad_post_layout":"","_kad_post_sidebar_id":"","_kad_post_content_style":"","_kad_post_vertical_padding":"","_kad_post_feature":"","_kad_post_feature_position":"","_kad_post_header":false,"_kad_post_footer":false,"_kad_post_classname":"","footnotes":""},"class_list":["post-813","page","type-page","status-publish","hentry"],"_links":{"self":[{"href":"http:\/\/boisleroijumelage.fr\/index.php\/wp-json\/wp\/v2\/pages\/813","targetHints":{"allow":["GET"]}}],"collection":[{"href":"http:\/\/boisleroijumelage.fr\/index.php\/wp-json\/wp\/v2\/pages"}],"about":[{"href":"http:\/\/boisleroijumelage.fr\/index.php\/wp-json\/wp\/v2\/types\/page"}],"author":[{"embeddable":true,"href":"http:\/\/boisleroijumelage.fr\/index.php\/wp-json\/wp\/v2\/users\/1"}],"replies":[{"embeddable":true,"href":"http:\/\/boisleroijumelage.fr\/index.php\/wp-json\/wp\/v2\/comments?post=813"}],"version-history":[{"count":3,"href":"http:\/\/boisleroijumelage.fr\/index.php\/wp-json\/wp\/v2\/pages\/813\/revisions"}],"predecessor-version":[{"id":1983,"href":"http:\/\/boisleroijumelage.fr\/index.php\/wp-json\/wp\/v2\/pages\/813\/revisions\/1983"}],"up":[{"embeddable":true,"href":"http:\/\/boisleroijumelage.fr\/index.php\/wp-json\/wp\/v2\/pages\/413"}],"wp:attachment":[{"href":"http:\/\/boisleroijumelage.fr\/index.php\/wp-json\/wp\/v2\/media?parent=813"}],"curies":[{"name":"wp","href":"https:\/\/api.w.org\/{rel}","templated":true}]}}