{"id":818,"date":"2015-06-21T15:32:22","date_gmt":"2015-06-21T13:32:22","guid":{"rendered":"http:\/\/boisleroijumelage.olympe.in\/?page_id=818"},"modified":"2016-03-10T19:56:41","modified_gmt":"2016-03-10T18:56:41","slug":"ferienjobs-a-langenargen-2013","status":"publish","type":"page","link":"http:\/\/boisleroijumelage.fr\/index.php\/activites\/annuelles\/activites-2013\/ferienjobs-a-langenargen-2013\/","title":{"rendered":"Ferienjobs \u00e0 Langenargen (2013)"},"content":{"rendered":"<p><span style=\"color: #000000;\">Cette ann\u00e9e encore du 15 au 26 juillet 2013 notre Association Bois-le-roi jumelage a donn\u00e9 la\u00a0<\/span><span style=\"color: #000000;\">possibilit\u00e9 \u00e0 quatre jeunes Bacot , Bacotte ag\u00e9s entre 16 et 17 ans d\u2019acqu\u00e9rir une exp\u00e9rience\u00a0<\/span><span style=\"color: #000000;\">professionnelle \u00e0 Langenargen. Ils ont pu se familiariser avec la langue et la civilisation allemande\u00a0<\/span><span style=\"color: #000000;\">ainsi que bien entendu, de c\u00f4toyer au quotidien des Allemands et renforcer notre amiti\u00e9 avec notre\u00a0<\/span><span style=\"color: #000000;\">ville jumelle.\u00a0<\/span><\/p>\n<p>Retrouvez les t\u00e9moignages des 4 jeunes fran\u00e7ais :<\/p>\n<p>&#8211; <a href=\"\/wp-content\/uploads\/2015\/06\/T\u00e9moignage-de-Paul-Bachimont.docx\">Paul Bachimont<\/a>, au Bauhof<\/p>\n<p>&#8211; <a href=\"\/wp-content\/uploads\/2015\/06\/T\u00e9moignage-de-Paul-Digne.docx\">Paul Digne<\/a>, au Bauhof<\/p>\n<p>&#8211; <a href=\"\/wp-content\/uploads\/2015\/06\/T\u00e9moignage-de-Claire-Digne.docx\">Claire Digne<\/a>, au Kindergarten<\/p>\n<p>&#8211;\u00a0<a href=\"\/wp-content\/uploads\/2015\/06\/T\u00e9moignage-de-Rapha\u00ebl-Biamonti.docx\">Rapha\u00ebl Biamonti<\/a>, au Kindergarten<\/p>\n","protected":false},"excerpt":{"rendered":"<p>Cette ann\u00e9e encore du 15 au 26 juillet 2013 notre Association Bois-le-roi jumelage a donn\u00e9 la\u00a0possibilit\u00e9 \u00e0 quatre jeunes Bacot , Bacotte ag\u00e9s entre 16 et 17 ans d\u2019acqu\u00e9rir une exp\u00e9rience\u00a0professionnelle \u00e0 Langenargen. Ils ont pu se familiariser avec la langue et la civilisation allemande\u00a0ainsi que bien entendu, de c\u00f4toyer au quotidien des Allemands et&#8230;<\/p>\n","protected":false},"author":1,"featured_media":0,"parent":413,"menu_order":0,"comment_status":"closed","ping_status":"open","template":"","meta":{"_kadence_starter_templates_imported_post":false,"_kad_post_transparent":"","_kad_post_title":"","_kad_post_layout":"","_kad_post_sidebar_id":"","_kad_post_content_style":"","_kad_post_vertical_padding":"","_kad_post_feature":"","_kad_post_feature_position":"","_kad_post_header":false,"_kad_post_footer":false,"_kad_post_classname":"","footnotes":""},"class_list":["post-818","page","type-page","status-publish","hentry"],"_links":{"self":[{"href":"http:\/\/boisleroijumelage.fr\/index.php\/wp-json\/wp\/v2\/pages\/818","targetHints":{"allow":["GET"]}}],"collection":[{"href":"http:\/\/boisleroijumelage.fr\/index.php\/wp-json\/wp\/v2\/pages"}],"about":[{"href":"http:\/\/boisleroijumelage.fr\/index.php\/wp-json\/wp\/v2\/types\/page"}],"author":[{"embeddable":true,"href":"http:\/\/boisleroijumelage.fr\/index.php\/wp-json\/wp\/v2\/users\/1"}],"replies":[{"embeddable":true,"href":"http:\/\/boisleroijumelage.fr\/index.php\/wp-json\/wp\/v2\/comments?post=818"}],"version-history":[{"count":2,"href":"http:\/\/boisleroijumelage.fr\/index.php\/wp-json\/wp\/v2\/pages\/818\/revisions"}],"predecessor-version":[{"id":1579,"href":"http:\/\/boisleroijumelage.fr\/index.php\/wp-json\/wp\/v2\/pages\/818\/revisions\/1579"}],"up":[{"embeddable":true,"href":"http:\/\/boisleroijumelage.fr\/index.php\/wp-json\/wp\/v2\/pages\/413"}],"wp:attachment":[{"href":"http:\/\/boisleroijumelage.fr\/index.php\/wp-json\/wp\/v2\/media?parent=818"}],"curies":[{"name":"wp","href":"https:\/\/api.w.org\/{rel}","templated":true}]}}