{"id":82,"date":"2014-07-25T15:21:15","date_gmt":"2014-07-25T14:21:15","guid":{"rendered":"http:\/\/localhost\/wordpress\/?page_id=82"},"modified":"2016-09-14T17:34:40","modified_gmt":"2016-09-14T16:34:40","slug":"les-pompoms","status":"publish","type":"page","link":"http:\/\/boisleroijumelage.fr\/index.php\/activites\/recurrentes\/les-pompoms\/","title":{"rendered":"Les pompoms"},"content":{"rendered":"<p><a href=\"\/wp-content\/uploads\/2014\/07\/Les_pompons.jpg\"><img loading=\"lazy\" decoding=\"async\" class=\"alignleft wp-image-504\" src=\"http:\/\/boisleroijumelage.fr\/wp-content\/uploads\/2014\/07\/Les_pompons.jpg\" alt=\"\" width=\"145\" height=\"401\" \/><\/a> <span style=\"color: #000000;\">Les pompons, c&rsquo;est le t\u00e9moin qui a d\u00e9marr\u00e9 avec le relais en course \u00e0 pied non-stop sur 3 jours de Bois-le-Roi \u00e0 Langenargen en septembre 1993.Ce fut un des plus grands \u00e9v\u00e9nements du Jumelage qui a mobilis\u00e9 pas moins d&rsquo;une quarantaine de coureurs \u00e0 pied et 20 \u00e0 v\u00e9lo , une caravane logistique compos\u00e9e de la Croix Rouge, d&rsquo;un car , de plusieurs v\u00e9hicules, soit plus de 20 personnes pour la course \u00e0 pied et idem pour le v\u00e9lo, sur la partie fran\u00e7aise. Et \u00e0 la fronti\u00e8re, synchro, les coureurs \u00e0 pied et en v\u00e9lo se retrouvaient, attendus par les Allemands, pour faire les derniers kilom\u00e8tres jusqu&rsquo;\u00e0 Langenargen. Klaxon, tous les participants chantant en ch\u0153ur la premi\u00e8re chanson du Jumelage sur l\u2019air de \u00ab Fr\u00e8re Jacques \u00bb et d\u00e9j\u00e0, d\u00e8s la premi\u00e8re rue de Langenargen franchie, nous entendions au loin l&rsquo;accueil en fanfare par le \u00ab Jugendblazercorchestrer \u00bb.<\/span><br style=\"color: #000000;\" \/><span style=\"color: #000000;\">\u00ab\u00a0Deux villes, un d\u00e9fi\u00a0\u00bb. Merci Monsieur Luc Bardin. Luc avait eu l&rsquo;id\u00e9e \u00a0de mettre, \u00e0 la place d&rsquo;un t\u00e9moin en bois, un pompon aux couleurs allemandes pour l&rsquo;offrir en disant : \u00ab Par tous les moyens, vous devrez nous rapporter ce pompon\u00bb. Langenargen a rajout\u00e9 un pompon aux couleurs de la France, et au fil des ans, ces pompons sont devenus le symbole phare des \u00e9changes entre nos deux communes, et grossissent \u00e0 chaque fois.<\/span><br style=\"color: #000000;\" \/><span style=\"color: #000000;\">Pour ce relais, il avait fallu avoir les autorisations de tous les villages \u00e0 traverser en course \u00e0 pied, je ne sais combien de sponsors, bref cet \u00e9v\u00e8nement a mobilis\u00e9 plus de 150 personnes de Bois-le-Roi, et les gens qui l&rsquo;ont fait s&rsquo;en souviennent encore.<\/span><\/p>\n<p><span style=\"color: #000000;\">Voil\u00e0 la br\u00e8ve histoire des pompons.<br \/>\n<\/span><\/p>\n<p>D\u00e9couvrez l&rsquo;historique complet <a href=\"http:\/\/boisleroijumelage.fr\/wp-content\/uploads\/2014\/07\/LES-POMPOMS-historique.pdf\" rel=\"\">ici<\/a>!<\/p>\n<p><a href=\"\/wp-content\/uploads\/2014\/07\/P9240642.jpg\"><img loading=\"lazy\" decoding=\"async\" class=\"alignleft wp-image-507 size-medium\" src=\"http:\/\/boisleroijumelage.fr\/wp-content\/uploads\/2014\/07\/P9240642-300x224.jpg\" alt=\"\" width=\"300\" height=\"224\" \/><\/a> <a href=\"\/wp-content\/uploads\/2014\/07\/P9240655.jpg\"><img loading=\"lazy\" decoding=\"async\" class=\"alignright wp-image-508 size-medium\" src=\"http:\/\/boisleroijumelage.fr\/wp-content\/uploads\/2014\/07\/P9240655-300x224.jpg\" alt=\"\" width=\"300\" height=\"224\" \/><\/a><\/p>\n<p>&nbsp;<\/p>\n<p>&nbsp;<\/p>\n<p>&nbsp;<\/p>\n<p>&nbsp;<\/p>\n<p>&nbsp;<\/p>\n<p>&nbsp;<\/p>\n<p>&nbsp;<\/p>\n<p><a href=\"\/wp-content\/uploads\/2014\/07\/P9240636.jpg\"><img loading=\"lazy\" decoding=\"async\" class=\"aligncenter wp-image-505 size-medium\" src=\"http:\/\/boisleroijumelage.fr\/wp-content\/uploads\/2014\/07\/P9240636-300x286.jpg\" alt=\"\" width=\"300\" height=\"286\" \/><\/a><\/p>\n","protected":false},"excerpt":{"rendered":"<p>Les pompons, c&rsquo;est le t\u00e9moin qui a d\u00e9marr\u00e9 avec le relais en course \u00e0 pied non-stop sur 3 jours de Bois-le-Roi \u00e0 Langenargen en septembre 1993.Ce fut un des plus grands \u00e9v\u00e9nements du Jumelage qui a mobilis\u00e9 pas moins d&rsquo;une quarantaine de coureurs \u00e0 pied et 20 \u00e0 v\u00e9lo , une caravane logistique compos\u00e9e de&#8230;<\/p>\n","protected":false},"author":1,"featured_media":0,"parent":199,"menu_order":30,"comment_status":"closed","ping_status":"closed","template":"","meta":{"_kadence_starter_templates_imported_post":false,"_kad_post_transparent":"","_kad_post_title":"","_kad_post_layout":"","_kad_post_sidebar_id":"","_kad_post_content_style":"","_kad_post_vertical_padding":"","_kad_post_feature":"","_kad_post_feature_position":"","_kad_post_header":false,"_kad_post_footer":false,"_kad_post_classname":"","footnotes":""},"class_list":["post-82","page","type-page","status-publish","hentry"],"_links":{"self":[{"href":"http:\/\/boisleroijumelage.fr\/index.php\/wp-json\/wp\/v2\/pages\/82","targetHints":{"allow":["GET"]}}],"collection":[{"href":"http:\/\/boisleroijumelage.fr\/index.php\/wp-json\/wp\/v2\/pages"}],"about":[{"href":"http:\/\/boisleroijumelage.fr\/index.php\/wp-json\/wp\/v2\/types\/page"}],"author":[{"embeddable":true,"href":"http:\/\/boisleroijumelage.fr\/index.php\/wp-json\/wp\/v2\/users\/1"}],"replies":[{"embeddable":true,"href":"http:\/\/boisleroijumelage.fr\/index.php\/wp-json\/wp\/v2\/comments?post=82"}],"version-history":[{"count":7,"href":"http:\/\/boisleroijumelage.fr\/index.php\/wp-json\/wp\/v2\/pages\/82\/revisions"}],"predecessor-version":[{"id":2321,"href":"http:\/\/boisleroijumelage.fr\/index.php\/wp-json\/wp\/v2\/pages\/82\/revisions\/2321"}],"up":[{"embeddable":true,"href":"http:\/\/boisleroijumelage.fr\/index.php\/wp-json\/wp\/v2\/pages\/199"}],"wp:attachment":[{"href":"http:\/\/boisleroijumelage.fr\/index.php\/wp-json\/wp\/v2\/media?parent=82"}],"curies":[{"name":"wp","href":"https:\/\/api.w.org\/{rel}","templated":true}]}}