{"id":824,"date":"2015-06-21T15:34:59","date_gmt":"2015-06-21T13:34:59","guid":{"rendered":"http:\/\/boisleroijumelage.olympe.in\/?page_id=824"},"modified":"2016-09-12T13:14:26","modified_gmt":"2016-09-12T12:14:26","slug":"uferfest-2013","status":"publish","type":"page","link":"http:\/\/boisleroijumelage.fr\/index.php\/activites\/annuelles\/activites-2013\/uferfest-2013\/","title":{"rendered":"Uferfest 2013"},"content":{"rendered":"<p><span style=\"color: #000000;\"><img loading=\"lazy\" decoding=\"async\" class=\"alignright wp-image-1228\" src=\"http:\/\/boisleroijumelage.fr\/wp-content\/uploads\/2015\/06\/P1040548.jpg\" alt=\"[cml_media_alt id='1228']P1040548[\/cml_media_alt]\" width=\"400\" height=\"300\" \/>Comme chaque ann\u00e9e, nous avons particip\u00e9 au marathon des\u00a0cr\u00eapes de la f\u00eate du lac. <\/span><\/p>\n<p><span style=\"color: #000000;\">Nous avons tous pu appr\u00e9cier les attractions, les animations de rue et la restauration typique !<\/span><\/p>\n","protected":false},"excerpt":{"rendered":"<p>Comme chaque ann\u00e9e, nous avons particip\u00e9 au marathon des\u00a0cr\u00eapes de la f\u00eate du lac. Nous avons tous pu appr\u00e9cier les attractions, les animations de rue et la restauration typique !<\/p>\n","protected":false},"author":1,"featured_media":0,"parent":413,"menu_order":0,"comment_status":"closed","ping_status":"open","template":"","meta":{"_kadence_starter_templates_imported_post":false,"_kad_post_transparent":"","_kad_post_title":"","_kad_post_layout":"","_kad_post_sidebar_id":"","_kad_post_content_style":"","_kad_post_vertical_padding":"","_kad_post_feature":"","_kad_post_feature_position":"","_kad_post_header":false,"_kad_post_footer":false,"_kad_post_classname":"","footnotes":""},"class_list":["post-824","page","type-page","status-publish","hentry"],"_links":{"self":[{"href":"http:\/\/boisleroijumelage.fr\/index.php\/wp-json\/wp\/v2\/pages\/824","targetHints":{"allow":["GET"]}}],"collection":[{"href":"http:\/\/boisleroijumelage.fr\/index.php\/wp-json\/wp\/v2\/pages"}],"about":[{"href":"http:\/\/boisleroijumelage.fr\/index.php\/wp-json\/wp\/v2\/types\/page"}],"author":[{"embeddable":true,"href":"http:\/\/boisleroijumelage.fr\/index.php\/wp-json\/wp\/v2\/users\/1"}],"replies":[{"embeddable":true,"href":"http:\/\/boisleroijumelage.fr\/index.php\/wp-json\/wp\/v2\/comments?post=824"}],"version-history":[{"count":1,"href":"http:\/\/boisleroijumelage.fr\/index.php\/wp-json\/wp\/v2\/pages\/824\/revisions"}],"predecessor-version":[{"id":2217,"href":"http:\/\/boisleroijumelage.fr\/index.php\/wp-json\/wp\/v2\/pages\/824\/revisions\/2217"}],"up":[{"embeddable":true,"href":"http:\/\/boisleroijumelage.fr\/index.php\/wp-json\/wp\/v2\/pages\/413"}],"wp:attachment":[{"href":"http:\/\/boisleroijumelage.fr\/index.php\/wp-json\/wp\/v2\/media?parent=824"}],"curies":[{"name":"wp","href":"https:\/\/api.w.org\/{rel}","templated":true}]}}