{"id":826,"date":"2015-06-21T15:36:12","date_gmt":"2015-06-21T13:36:12","guid":{"rendered":"http:\/\/boisleroijumelage.olympe.in\/?page_id=826"},"modified":"2016-04-17T23:31:36","modified_gmt":"2016-04-17T22:31:36","slug":"semaine-des-jeunes-2013","status":"publish","type":"page","link":"http:\/\/boisleroijumelage.fr\/index.php\/activites\/annuelles\/activites-2013\/semaine-des-jeunes-2013\/","title":{"rendered":"Semaine des jeunes 2013"},"content":{"rendered":"<p style=\"color: #000000;\">La semaine des jeunes a eu lieu cet \u00e9t\u00e9 \u00e0 Bois le roi avec pour th\u00e8me : vive la for\u00eat.\u00a0Nos jeunes ont pratiqu\u00e9 la randonn\u00e9e, l&rsquo;escalade, l&rsquo;accrobranche,\u00a0le cano\u00eb, le cyclisme&#8230;<\/p>\n<p style=\"color: #000000;\">Voir toutes les photos de la semaine <a href=\"https:\/\/www.facebook.com\/media\/set\/?set=a.398802040219543.1073741827.288305774602504&amp;type=3\" target=\"_blank\">ici\u00a0<\/a>!<\/p>\n","protected":false},"excerpt":{"rendered":"<p>La semaine des jeunes a eu lieu cet \u00e9t\u00e9 \u00e0 Bois le roi avec pour th\u00e8me : vive la for\u00eat.\u00a0Nos jeunes ont pratiqu\u00e9 la randonn\u00e9e, l&rsquo;escalade, l&rsquo;accrobranche,\u00a0le cano\u00eb, le cyclisme&#8230; Voir toutes les photos de la semaine ici\u00a0!<\/p>\n","protected":false},"author":1,"featured_media":0,"parent":413,"menu_order":0,"comment_status":"closed","ping_status":"open","template":"","meta":{"_kadence_starter_templates_imported_post":false,"_kad_post_transparent":"","_kad_post_title":"","_kad_post_layout":"","_kad_post_sidebar_id":"","_kad_post_content_style":"","_kad_post_vertical_padding":"","_kad_post_feature":"","_kad_post_feature_position":"","_kad_post_header":false,"_kad_post_footer":false,"_kad_post_classname":"","footnotes":""},"class_list":["post-826","page","type-page","status-publish","hentry"],"_links":{"self":[{"href":"http:\/\/boisleroijumelage.fr\/index.php\/wp-json\/wp\/v2\/pages\/826","targetHints":{"allow":["GET"]}}],"collection":[{"href":"http:\/\/boisleroijumelage.fr\/index.php\/wp-json\/wp\/v2\/pages"}],"about":[{"href":"http:\/\/boisleroijumelage.fr\/index.php\/wp-json\/wp\/v2\/types\/page"}],"author":[{"embeddable":true,"href":"http:\/\/boisleroijumelage.fr\/index.php\/wp-json\/wp\/v2\/users\/1"}],"replies":[{"embeddable":true,"href":"http:\/\/boisleroijumelage.fr\/index.php\/wp-json\/wp\/v2\/comments?post=826"}],"version-history":[{"count":1,"href":"http:\/\/boisleroijumelage.fr\/index.php\/wp-json\/wp\/v2\/pages\/826\/revisions"}],"predecessor-version":[{"id":1989,"href":"http:\/\/boisleroijumelage.fr\/index.php\/wp-json\/wp\/v2\/pages\/826\/revisions\/1989"}],"up":[{"embeddable":true,"href":"http:\/\/boisleroijumelage.fr\/index.php\/wp-json\/wp\/v2\/pages\/413"}],"wp:attachment":[{"href":"http:\/\/boisleroijumelage.fr\/index.php\/wp-json\/wp\/v2\/media?parent=826"}],"curies":[{"name":"wp","href":"https:\/\/api.w.org\/{rel}","templated":true}]}}