{"id":830,"date":"2015-06-21T15:39:50","date_gmt":"2015-06-21T13:39:50","guid":{"rendered":"http:\/\/boisleroijumelage.olympe.in\/?page_id=830"},"modified":"2016-03-10T19:55:21","modified_gmt":"2016-03-10T18:55:21","slug":"ferienjobs-a-bois-le-roi-2013","status":"publish","type":"page","link":"http:\/\/boisleroijumelage.fr\/index.php\/activites\/annuelles\/activites-2013\/ferienjobs-a-bois-le-roi-2013\/","title":{"rendered":"Ferienjobs \u00e0 Bois le Roi (2013)"},"content":{"rendered":"<p><span style=\"color: #000000;\">Les quinze derniers jours du mois d\u2019Ao\u00fbt deux jeunes filles de Langenargen h\u00e9berg\u00e9es\u00a0<\/span><span style=\"color: #000000;\">dans nos familles d\u2019accueil ont pu travailler \u00a0\u00e0 Bois-le-roi dans les structures du\u00a0<\/span><span style=\"color: #000000;\">Soleil Bacot et \u00e0 l\u2019UCPA.\u00a0<\/span><\/p>\n<p>Retrouvez les t\u00e9moignages des deux jeunes allemandes :<\/p>\n<p>&#8211; <a href=\"\/wp-content\/uploads\/2015\/06\/T\u00e9moignage-dElena-Heine.docx\">Elena Heine<\/a>, \u00e0 l&rsquo;UCPA<\/p>\n<p>&#8211; <a href=\"\/wp-content\/uploads\/2015\/06\/T\u00e9moignage-de-Maria-Prestel.docx\">Maria Prestel<\/a>, au Soleil Bacot<\/p>\n","protected":false},"excerpt":{"rendered":"<p>Les quinze derniers jours du mois d\u2019Ao\u00fbt deux jeunes filles de Langenargen h\u00e9berg\u00e9es\u00a0dans nos familles d\u2019accueil ont pu travailler \u00a0\u00e0 Bois-le-roi dans les structures du\u00a0Soleil Bacot et \u00e0 l\u2019UCPA.\u00a0 Retrouvez les t\u00e9moignages des deux jeunes allemandes : &#8211; Elena Heine, \u00e0 l&rsquo;UCPA &#8211; Maria Prestel, au Soleil Bacot<\/p>\n","protected":false},"author":1,"featured_media":0,"parent":413,"menu_order":0,"comment_status":"closed","ping_status":"open","template":"","meta":{"_kadence_starter_templates_imported_post":false,"_kad_post_transparent":"","_kad_post_title":"","_kad_post_layout":"","_kad_post_sidebar_id":"","_kad_post_content_style":"","_kad_post_vertical_padding":"","_kad_post_feature":"","_kad_post_feature_position":"","_kad_post_header":false,"_kad_post_footer":false,"_kad_post_classname":"","footnotes":""},"class_list":["post-830","page","type-page","status-publish","hentry"],"_links":{"self":[{"href":"http:\/\/boisleroijumelage.fr\/index.php\/wp-json\/wp\/v2\/pages\/830","targetHints":{"allow":["GET"]}}],"collection":[{"href":"http:\/\/boisleroijumelage.fr\/index.php\/wp-json\/wp\/v2\/pages"}],"about":[{"href":"http:\/\/boisleroijumelage.fr\/index.php\/wp-json\/wp\/v2\/types\/page"}],"author":[{"embeddable":true,"href":"http:\/\/boisleroijumelage.fr\/index.php\/wp-json\/wp\/v2\/users\/1"}],"replies":[{"embeddable":true,"href":"http:\/\/boisleroijumelage.fr\/index.php\/wp-json\/wp\/v2\/comments?post=830"}],"version-history":[{"count":1,"href":"http:\/\/boisleroijumelage.fr\/index.php\/wp-json\/wp\/v2\/pages\/830\/revisions"}],"predecessor-version":[{"id":1577,"href":"http:\/\/boisleroijumelage.fr\/index.php\/wp-json\/wp\/v2\/pages\/830\/revisions\/1577"}],"up":[{"embeddable":true,"href":"http:\/\/boisleroijumelage.fr\/index.php\/wp-json\/wp\/v2\/pages\/413"}],"wp:attachment":[{"href":"http:\/\/boisleroijumelage.fr\/index.php\/wp-json\/wp\/v2\/media?parent=830"}],"curies":[{"name":"wp","href":"https:\/\/api.w.org\/{rel}","templated":true}]}}