{"id":840,"date":"2015-06-21T15:50:31","date_gmt":"2015-06-21T13:50:31","guid":{"rendered":"http:\/\/boisleroijumelage.olympe.in\/?page_id=840"},"modified":"2015-06-21T15:50:31","modified_gmt":"2015-06-21T13:50:31","slug":"marche-de-noel-2013","status":"publish","type":"page","link":"http:\/\/boisleroijumelage.fr\/index.php\/activites\/annuelles\/activites-2013\/marche-de-noel-2013\/","title":{"rendered":"March\u00e9 de N\u00f6el 2013"},"content":{"rendered":"<p><span style=\"color: #000000;\">Le 15 d\u00e9cembre dernier, vous avez pu d\u00e9couvrir sur notre stand les sp\u00e9cialit\u00e9s allemandes tel le Stollen de no\u00ebl, le jus de pomme chaud et autres friandises lors du march\u00e9 de no\u00ebl.\u00a0<\/span><\/p>\n","protected":false},"excerpt":{"rendered":"<p>Le 15 d\u00e9cembre dernier, vous avez pu d\u00e9couvrir sur notre stand les sp\u00e9cialit\u00e9s allemandes tel le Stollen de no\u00ebl, le jus de pomme chaud et autres friandises lors du march\u00e9 de no\u00ebl.\u00a0<\/p>\n","protected":false},"author":1,"featured_media":0,"parent":413,"menu_order":0,"comment_status":"closed","ping_status":"open","template":"","meta":{"_kadence_starter_templates_imported_post":false,"_kad_post_transparent":"","_kad_post_title":"","_kad_post_layout":"","_kad_post_sidebar_id":"","_kad_post_content_style":"","_kad_post_vertical_padding":"","_kad_post_feature":"","_kad_post_feature_position":"","_kad_post_header":false,"_kad_post_footer":false,"_kad_post_classname":"","footnotes":""},"class_list":["post-840","page","type-page","status-publish","hentry"],"_links":{"self":[{"href":"http:\/\/boisleroijumelage.fr\/index.php\/wp-json\/wp\/v2\/pages\/840","targetHints":{"allow":["GET"]}}],"collection":[{"href":"http:\/\/boisleroijumelage.fr\/index.php\/wp-json\/wp\/v2\/pages"}],"about":[{"href":"http:\/\/boisleroijumelage.fr\/index.php\/wp-json\/wp\/v2\/types\/page"}],"author":[{"embeddable":true,"href":"http:\/\/boisleroijumelage.fr\/index.php\/wp-json\/wp\/v2\/users\/1"}],"replies":[{"embeddable":true,"href":"http:\/\/boisleroijumelage.fr\/index.php\/wp-json\/wp\/v2\/comments?post=840"}],"version-history":[{"count":0,"href":"http:\/\/boisleroijumelage.fr\/index.php\/wp-json\/wp\/v2\/pages\/840\/revisions"}],"up":[{"embeddable":true,"href":"http:\/\/boisleroijumelage.fr\/index.php\/wp-json\/wp\/v2\/pages\/413"}],"wp:attachment":[{"href":"http:\/\/boisleroijumelage.fr\/index.php\/wp-json\/wp\/v2\/media?parent=840"}],"curies":[{"name":"wp","href":"https:\/\/api.w.org\/{rel}","templated":true}]}}