{"id":853,"date":"2015-06-21T16:05:39","date_gmt":"2015-06-21T14:05:39","guid":{"rendered":"http:\/\/boisleroijumelage.olympe.in\/?page_id=853"},"modified":"2016-09-12T13:16:54","modified_gmt":"2016-09-12T12:16:54","slug":"hartmannswillerkopf","status":"publish","type":"page","link":"http:\/\/boisleroijumelage.fr\/index.php\/activites\/annuelles\/activites-2014\/hartmannswillerkopf\/","title":{"rendered":"Hartmannswillerkopf"},"content":{"rendered":"<h6><strong><img loading=\"lazy\" decoding=\"async\" class=\"alignright wp-image-1234\" src=\"http:\/\/boisleroijumelage.fr\/wp-content\/uploads\/2015\/06\/P1050159.jpg\" alt=\"[cml_media_alt id='1234']P1050159[\/cml_media_alt]\" width=\"400\" height=\"300\" \/><br \/>\nDevoir de m\u00e9moire des 100 ans de la Grande Guerre<\/strong><\/h6>\n<p><em>Une rencontre exceptionnelle franco-allemande interg\u00e9n\u00e9rationnelle en Alsace du 09 au 11 mai 2014, un symbole pour notre jumelage\u2026<\/em><\/p>\n<p>Le vendredi se sont retrouv\u00e9s 50 fran\u00e7ais et 50allemands, dont 70 jeunes, sur les hauts lieux des batailles du Linge et du Hartmannswillerkopf. La journ\u00e9e du samedi fut consacr\u00e9e \u00e0 la d\u00e9couverte des sites comm\u00e9moratifs. <img loading=\"lazy\" decoding=\"async\" class=\"alignright wp-image-1236\" src=\"http:\/\/boisleroijumelage.fr\/wp-content\/uploads\/2015\/06\/P1050099.jpg\" alt=\"[cml_media_alt id='1236']P1050099[\/cml_media_alt]\" width=\"400\" height=\"267\" \/><\/p>\n<p>De retour \u00e0 l\u2019auberge, une v\u00e9ritable communion s\u2019est produite entre les jeunes au moment o\u00f9 ceux-ci ont entonn\u00e9 l\u2019Hymne Europ\u00e9en. Cet \u00e9lan amical s\u2019est poursuivi par une soir\u00e9e dansante, improvis\u00e9e et tr\u00e8s chaleureuse. Le dimanche se sont d\u00e9roul\u00e9es les c\u00e9r\u00e9monies officielles dans les cimeti\u00e8res fran\u00e7ais et allemands, avec la pr\u00e9sence de Mathieu Cicurel, repr\u00e9sentant notre commune et les Pays de Seine, et d\u2019Achim Kraft, actuel maire de Langenargen, accompagn\u00e9 de son pr\u00e9d\u00e9cesseur. Des gerbes ont \u00e9t\u00e9 d\u00e9pos\u00e9es, dont celle offerte par Bois le Roi jumelage, et lecture a \u00e9t\u00e9 faite par les jeunes des deux pays, du nom de soldats tomb\u00e9s au Viel Armand. Moment particuli\u00e8rement \u00e9mouvant\u2026<\/p>\n<p>Le jumelage remercie chaleureusement MM. Camisuli et Cochet, l\u2019association des anciens combattants, les mairies, les enseignants et accompagnateurs fran\u00e7ais et allemands des groupes, sans lesquels cette rencontre n\u2019aurait pu avoir lieu.<\/p>\n","protected":false},"excerpt":{"rendered":"<p>Devoir de m\u00e9moire des 100 ans de la Grande Guerre Une rencontre exceptionnelle franco-allemande interg\u00e9n\u00e9rationnelle en Alsace du 09 au 11 mai 2014, un symbole pour notre jumelage\u2026 Le vendredi se sont retrouv\u00e9s 50 fran\u00e7ais et 50allemands, dont 70 jeunes, sur les hauts lieux des batailles du Linge et du Hartmannswillerkopf. La journ\u00e9e du samedi&#8230;<\/p>\n","protected":false},"author":1,"featured_media":0,"parent":415,"menu_order":0,"comment_status":"closed","ping_status":"open","template":"","meta":{"_kadence_starter_templates_imported_post":false,"_kad_post_transparent":"","_kad_post_title":"","_kad_post_layout":"","_kad_post_sidebar_id":"","_kad_post_content_style":"","_kad_post_vertical_padding":"","_kad_post_feature":"","_kad_post_feature_position":"","_kad_post_header":false,"_kad_post_footer":false,"_kad_post_classname":"","footnotes":""},"class_list":["post-853","page","type-page","status-publish","hentry"],"_links":{"self":[{"href":"http:\/\/boisleroijumelage.fr\/index.php\/wp-json\/wp\/v2\/pages\/853","targetHints":{"allow":["GET"]}}],"collection":[{"href":"http:\/\/boisleroijumelage.fr\/index.php\/wp-json\/wp\/v2\/pages"}],"about":[{"href":"http:\/\/boisleroijumelage.fr\/index.php\/wp-json\/wp\/v2\/types\/page"}],"author":[{"embeddable":true,"href":"http:\/\/boisleroijumelage.fr\/index.php\/wp-json\/wp\/v2\/users\/1"}],"replies":[{"embeddable":true,"href":"http:\/\/boisleroijumelage.fr\/index.php\/wp-json\/wp\/v2\/comments?post=853"}],"version-history":[{"count":1,"href":"http:\/\/boisleroijumelage.fr\/index.php\/wp-json\/wp\/v2\/pages\/853\/revisions"}],"predecessor-version":[{"id":2224,"href":"http:\/\/boisleroijumelage.fr\/index.php\/wp-json\/wp\/v2\/pages\/853\/revisions\/2224"}],"up":[{"embeddable":true,"href":"http:\/\/boisleroijumelage.fr\/index.php\/wp-json\/wp\/v2\/pages\/415"}],"wp:attachment":[{"href":"http:\/\/boisleroijumelage.fr\/index.php\/wp-json\/wp\/v2\/media?parent=853"}],"curies":[{"name":"wp","href":"https:\/\/api.w.org\/{rel}","templated":true}]}}