{"id":862,"date":"2015-06-21T16:31:21","date_gmt":"2015-06-21T14:31:21","guid":{"rendered":"http:\/\/boisleroijumelage.olympe.in\/?page_id=862"},"modified":"2016-03-10T19:44:43","modified_gmt":"2016-03-10T18:44:43","slug":"ferienjobs-2012","status":"publish","type":"page","link":"http:\/\/boisleroijumelage.fr\/index.php\/activites\/annuelles\/activites-2012\/ferienjobs-2012\/","title":{"rendered":"Ferienjobs 2012"},"content":{"rendered":"<p style=\"color: #444444;\"><a style=\"font-weight: inherit; font-style: inherit; color: #092bb5;\" title=\"Ferienjobs\" href=\"http:\/\/boisleroijumelage.fr\/index.php\/activites\/recurrentes\/ferienjobs\/\">Cliquez ici pour d\u00e9couvrir le principe des Ferienjobs !<\/a><\/p>\n<p style=\"color: #444444;\">D\u00e9couvrez le t\u00e9moignage des jeunes de cette ann\u00e9e :<\/p>\n<p style=\"color: #444444;\">&#8211;\u00a0<a href=\"\/wp-content\/uploads\/2015\/06\/Temoignage-Ferienjobs-Carina-Maurer1.pdf\" target=\"_blank\">Magalie, \u00e0 Langenargen<\/a><\/p>\n<p style=\"color: #444444;\">&#8211;\u00a0<a href=\"\/wp-content\/uploads\/2015\/06\/Feriens-Job-bea.pdf\" target=\"_blank\">B\u00e9atrice, \u00e0 Langenargen<\/a><\/p>\n<p style=\"color: #444444;\">&#8211;\u00a0<a href=\"\/wp-content\/uploads\/2015\/06\/Temoignage-Ferienjobs-Carina-Maurer.pdf\" target=\"_blank\">Carina, \u00e0 Bois le Roi<\/a><\/p>\n","protected":false},"excerpt":{"rendered":"<p>Cliquez ici pour d\u00e9couvrir le principe des Ferienjobs ! D\u00e9couvrez le t\u00e9moignage des jeunes de cette ann\u00e9e : &#8211;\u00a0Magalie, \u00e0 Langenargen &#8211;\u00a0B\u00e9atrice, \u00e0 Langenargen &#8211;\u00a0Carina, \u00e0 Bois le Roi<\/p>\n","protected":false},"author":1,"featured_media":0,"parent":411,"menu_order":0,"comment_status":"closed","ping_status":"open","template":"","meta":{"_kadence_starter_templates_imported_post":false,"_kad_post_transparent":"","_kad_post_title":"","_kad_post_layout":"","_kad_post_sidebar_id":"","_kad_post_content_style":"","_kad_post_vertical_padding":"","_kad_post_feature":"","_kad_post_feature_position":"","_kad_post_header":false,"_kad_post_footer":false,"_kad_post_classname":"","footnotes":""},"class_list":["post-862","page","type-page","status-publish","hentry"],"_links":{"self":[{"href":"http:\/\/boisleroijumelage.fr\/index.php\/wp-json\/wp\/v2\/pages\/862","targetHints":{"allow":["GET"]}}],"collection":[{"href":"http:\/\/boisleroijumelage.fr\/index.php\/wp-json\/wp\/v2\/pages"}],"about":[{"href":"http:\/\/boisleroijumelage.fr\/index.php\/wp-json\/wp\/v2\/types\/page"}],"author":[{"embeddable":true,"href":"http:\/\/boisleroijumelage.fr\/index.php\/wp-json\/wp\/v2\/users\/1"}],"replies":[{"embeddable":true,"href":"http:\/\/boisleroijumelage.fr\/index.php\/wp-json\/wp\/v2\/comments?post=862"}],"version-history":[{"count":2,"href":"http:\/\/boisleroijumelage.fr\/index.php\/wp-json\/wp\/v2\/pages\/862\/revisions"}],"predecessor-version":[{"id":1572,"href":"http:\/\/boisleroijumelage.fr\/index.php\/wp-json\/wp\/v2\/pages\/862\/revisions\/1572"}],"up":[{"embeddable":true,"href":"http:\/\/boisleroijumelage.fr\/index.php\/wp-json\/wp\/v2\/pages\/411"}],"wp:attachment":[{"href":"http:\/\/boisleroijumelage.fr\/index.php\/wp-json\/wp\/v2\/media?parent=862"}],"curies":[{"name":"wp","href":"https:\/\/api.w.org\/{rel}","templated":true}]}}