{"id":904,"date":"2015-06-27T16:18:00","date_gmt":"2015-06-27T14:18:00","guid":{"rendered":"http:\/\/boisleroijumelage.olympe.in\/?page_id=904"},"modified":"2016-04-17T23:45:28","modified_gmt":"2016-04-17T22:45:28","slug":"uferfest-2014","status":"publish","type":"page","link":"http:\/\/boisleroijumelage.fr\/index.php\/activites\/annuelles\/activites-2014\/uferfest-2014\/","title":{"rendered":"Uferfest 2014"},"content":{"rendered":"<p style=\"color: #444444;\">Du vendredi 1er au lundi 4 ao\u00fbt dernier s\u2019est d\u00e9roul\u00e9 la f\u00eate de lac o\u00f9 nous avons \u00e9t\u00e9 chaleureusement accueillies par nos amis du jumelage \u00e0 la table r\u00e9serv\u00e9e \u00e0 cet effet.<\/p>\n<p style=\"color: #444444;\">Nous avons eu le plaisir de faire la connaissance du nouveau vice-pr\u00e9sident du jumelage allemand et de sa femme, tous deux arborant un grand sourire engageant.<br \/>\nToute la journ\u00e9e, les \u00e9quipes se relaient pour assurer le marathon des cr\u00eapes, du ravitaillement \u00e0 la distribution, chacun conna\u00eet sa t\u00e2che, tout est pr\u00e9vu, un mode op\u00e9ratoire est affich\u00e9 pour pr\u00e9ciser la nature et les quantit\u00e9s des ingr\u00e9dients autour d\u2019une ambiance solidaire !<br \/>\nCette ann\u00e9e, nous \u00e9tions Helfer c&rsquo;est \u00e0 dire \u00ab aide \u00bb pour ceux qui r\u00e9alisaient\u00a0les cr\u00eapes. Les deux jeunes (Magalie et Maike ) ont particip\u00e9 pour la premi\u00e8re fois ensemble.<br \/>\nLe samedi , malgr\u00e9 le temps, le traditionnel feu d\u2019artifice a pu avoir lieu , et cela valait vraiment la peine de l\u2019admirer !<br \/>\nApr\u00e8s avoir accueilli nos jeunes fran\u00e7ais et autres accompagnateurs pour leur semaine, nous les avons retrouv\u00e9s ravis avec leur familles d\u2019accueil sur le stand, ils avaient re\u00e7u un ticket offert par le jumelage allemands pour d\u00e9guster une cr\u00eape.<br \/>\nMais ce lundi soir le vent soufflait en rafale et nous d\u00fbmes fermer un moment. Ce f\u00fbt l\u2019occasion de d\u00e9guster nous-m\u00eames quelques cr\u00eapes et de trinquer avec le vin fran\u00e7ais \u00e0 notre jumelage et \u00e0 la sant\u00e9 de tous !<br \/>\nPuis le temps s\u2019est calm\u00e9 et nous avons pu rouvrir et servir de nouveaux clients. Il nous a \u00e9t\u00e9 propos\u00e9 le lendemain de nous rendre dans une famille d\u2019acceuil pour savourer encore des cr\u00eapes avec le reste de la p\u00e2te.<br \/>\nCertains jeunes et accompagnateurs voulaient danser se sont vus proposer de venir sur la sc\u00e8ne pour un concert priv\u00e9, ils ne sont pas pr\u00eats de l\u2019oublier.<br \/>\nLa f\u00eate et les bons impr\u00e9vus, c\u2019est aussi cela l\u2019uferfest, l\u2019an prochain venez en profitez avec nous ! Souvenirs garantis\u2026<\/p>\n<p style=\"color: #444444;\">Retrouvez \u00a0<a style=\"font-weight: inherit; font-style: inherit; color: #092bb5;\" href=\"http:\/\/www.schwaebische.de\/region_artikel,-Uferfest-Beim-Fassanstich-ist-der-Buergermeister-vorne-_arid,10060165_toid,316.html\" target=\"_blank\">ici\u00a0<\/a>\u00a0 \u00a0l\u2019article sur\u00a0l\u2019ouverture de l\u2019Uferfest dans le Schw\u00e4bische Zeitung !<\/p>\n","protected":false},"excerpt":{"rendered":"<p>Du vendredi 1er au lundi 4 ao\u00fbt dernier s\u2019est d\u00e9roul\u00e9 la f\u00eate de lac o\u00f9 nous avons \u00e9t\u00e9 chaleureusement accueillies par nos amis du jumelage \u00e0 la table r\u00e9serv\u00e9e \u00e0 cet effet. Nous avons eu le plaisir de faire la connaissance du nouveau vice-pr\u00e9sident du jumelage allemand et de sa femme, tous deux arborant un&#8230;<\/p>\n","protected":false},"author":1,"featured_media":0,"parent":415,"menu_order":0,"comment_status":"closed","ping_status":"open","template":"","meta":{"_kadence_starter_templates_imported_post":false,"_kad_post_transparent":"","_kad_post_title":"","_kad_post_layout":"","_kad_post_sidebar_id":"","_kad_post_content_style":"","_kad_post_vertical_padding":"","_kad_post_feature":"","_kad_post_feature_position":"","_kad_post_header":false,"_kad_post_footer":false,"_kad_post_classname":"","footnotes":""},"class_list":["post-904","page","type-page","status-publish","hentry"],"_links":{"self":[{"href":"http:\/\/boisleroijumelage.fr\/index.php\/wp-json\/wp\/v2\/pages\/904","targetHints":{"allow":["GET"]}}],"collection":[{"href":"http:\/\/boisleroijumelage.fr\/index.php\/wp-json\/wp\/v2\/pages"}],"about":[{"href":"http:\/\/boisleroijumelage.fr\/index.php\/wp-json\/wp\/v2\/types\/page"}],"author":[{"embeddable":true,"href":"http:\/\/boisleroijumelage.fr\/index.php\/wp-json\/wp\/v2\/users\/1"}],"replies":[{"embeddable":true,"href":"http:\/\/boisleroijumelage.fr\/index.php\/wp-json\/wp\/v2\/comments?post=904"}],"version-history":[{"count":2,"href":"http:\/\/boisleroijumelage.fr\/index.php\/wp-json\/wp\/v2\/pages\/904\/revisions"}],"predecessor-version":[{"id":1993,"href":"http:\/\/boisleroijumelage.fr\/index.php\/wp-json\/wp\/v2\/pages\/904\/revisions\/1993"}],"up":[{"embeddable":true,"href":"http:\/\/boisleroijumelage.fr\/index.php\/wp-json\/wp\/v2\/pages\/415"}],"wp:attachment":[{"href":"http:\/\/boisleroijumelage.fr\/index.php\/wp-json\/wp\/v2\/media?parent=904"}],"curies":[{"name":"wp","href":"https:\/\/api.w.org\/{rel}","templated":true}]}}