{"id":1744,"date":"2016-03-31T16:49:57","date_gmt":"2016-03-31T15:49:57","guid":{"rendered":"http:\/\/boisleroijumelage.fr\/?page_id=1744"},"modified":"2025-09-07T09:04:04","modified_gmt":"2025-09-07T08:04:04","slug":"bois-le-roi","status":"publish","type":"page","link":"https:\/\/boisleroijumelage.fr\/index.php\/nos-villes-jumelles\/bois-le-roi\/","title":{"rendered":"Bois le Roi"},"content":{"rendered":"<p>Commune de Seine et Marne, situ\u00e9e entre la Seine et la for\u00eat de Fontainebleau \u00e0 environ 60 km de PARIS<\/p>\n<p>A voir, l&rsquo;\u00e9glise Saint-Pierre (\u00e9glise \u00e0 3 nefs, presque enti\u00e8rement reconstruite en 1838\/40, tour du 12e si\u00e8cle ; ch\u00e2sse en bois dor\u00e9 \u00e0 personnages, orgue de 1960, fonds baptismaux en pierre du 16e si\u00e8cle.)<\/p>\n<p>Envie d&rsquo;en connaitre plus sur le blason de Bois le Roi\u00a0?<\/p>\n<p><a title=\"Le blason de Bois le Roi\" href=\"http:\/\/boisleroijumelage.fr\/index.php\/2014\/07\/27\/le-blason-de-bois-le-roi\/\">D\u00e9couvrez vite notre article !\u00a0<\/a><\/p>\n","protected":false},"excerpt":{"rendered":"<p>Commune de Seine et Marne, situ\u00e9e entre la Seine et la for\u00eat de Fontainebleau \u00e0 environ 60 km de PARIS A voir, l&rsquo;\u00e9glise Saint-Pierre (\u00e9glise \u00e0 3 nefs, presque enti\u00e8rement reconstruite en 1838\/40, tour du 12e si\u00e8cle ; ch\u00e2sse en bois dor\u00e9 \u00e0 personnages, orgue de 1960, fonds baptismaux en pierre du 16e si\u00e8cle.) Envie&#8230;<\/p>\n","protected":false},"author":1,"featured_media":0,"parent":1751,"menu_order":10,"comment_status":"closed","ping_status":"closed","template":"","meta":{"_kadence_starter_templates_imported_post":false,"_kad_post_transparent":"","_kad_post_title":"","_kad_post_layout":"","_kad_post_sidebar_id":"","_kad_post_content_style":"","_kad_post_vertical_padding":"","_kad_post_feature":"","_kad_post_feature_position":"","_kad_post_header":false,"_kad_post_footer":false,"_kad_post_classname":"","footnotes":""},"class_list":["post-1744","page","type-page","status-publish","hentry"],"_links":{"self":[{"href":"https:\/\/boisleroijumelage.fr\/index.php\/wp-json\/wp\/v2\/pages\/1744","targetHints":{"allow":["GET"]}}],"collection":[{"href":"https:\/\/boisleroijumelage.fr\/index.php\/wp-json\/wp\/v2\/pages"}],"about":[{"href":"https:\/\/boisleroijumelage.fr\/index.php\/wp-json\/wp\/v2\/types\/page"}],"author":[{"embeddable":true,"href":"https:\/\/boisleroijumelage.fr\/index.php\/wp-json\/wp\/v2\/users\/1"}],"replies":[{"embeddable":true,"href":"https:\/\/boisleroijumelage.fr\/index.php\/wp-json\/wp\/v2\/comments?post=1744"}],"version-history":[{"count":4,"href":"https:\/\/boisleroijumelage.fr\/index.php\/wp-json\/wp\/v2\/pages\/1744\/revisions"}],"predecessor-version":[{"id":3269,"href":"https:\/\/boisleroijumelage.fr\/index.php\/wp-json\/wp\/v2\/pages\/1744\/revisions\/3269"}],"up":[{"embeddable":true,"href":"https:\/\/boisleroijumelage.fr\/index.php\/wp-json\/wp\/v2\/pages\/1751"}],"wp:attachment":[{"href":"https:\/\/boisleroijumelage.fr\/index.php\/wp-json\/wp\/v2\/media?parent=1744"}],"curies":[{"name":"wp","href":"https:\/\/api.w.org\/{rel}","templated":true}]}}