{"id":1762,"date":"2016-03-31T17:16:09","date_gmt":"2016-03-31T16:16:09","guid":{"rendered":"http:\/\/boisleroijumelage.fr\/?page_id=1762"},"modified":"2016-03-31T18:07:12","modified_gmt":"2016-03-31T17:07:12","slug":"lassociation","status":"publish","type":"page","link":"https:\/\/boisleroijumelage.fr\/index.php\/lassociation\/","title":{"rendered":"L&rsquo;association"},"content":{"rendered":"<h6 style=\"color: #000000;\">Bois le Roi<em>\u00a0<\/em>Jumelage\u00a0est une Association loi de 1901\u00a0cr\u00e9\u00e9e en\u00a01991.<\/h6>\n<h4 style=\"color: #000000;\"><strong><span style=\"color: #333333;\">Nos \u00a0objectifs<\/span><\/strong><\/h4>\n<ul style=\"color: #000000;\" type=\"disc\">\n<li>approfondir les contacts entre Fran\u00e7ais et Allemands \u00e0 Bois-le-Roi et \u00e0 Langenargen<\/li>\n<li>am\u00e9liorer la compr\u00e9hension entre nos deux pays et leurs habitants en apprenant \u00e0 conna\u00eetre la civilisation, l&rsquo;histoire et l&rsquo;identit\u00e9 allemandes<\/li>\n<li>motiver \u00e0 l&rsquo;apprentissage de la langue allemande<\/li>\n<li>coop\u00e9rer avec toutes les institutions et les associations communales pour mettre le jumelage sur une base plus solide et stable<\/li>\n<li>r\u00e9veiller l&rsquo;int\u00e9r\u00eat pour l&rsquo;amiti\u00e9 franco-allemande notamment chez les jeunes<\/li>\n<\/ul>\n","protected":false},"excerpt":{"rendered":"<p>Bois le Roi\u00a0Jumelage\u00a0est une Association loi de 1901\u00a0cr\u00e9\u00e9e en\u00a01991. Nos \u00a0objectifs approfondir les contacts entre Fran\u00e7ais et Allemands \u00e0 Bois-le-Roi et \u00e0 Langenargen am\u00e9liorer la compr\u00e9hension entre nos deux pays et leurs habitants en apprenant \u00e0 conna\u00eetre la civilisation, l&rsquo;histoire et l&rsquo;identit\u00e9 allemandes motiver \u00e0 l&rsquo;apprentissage de la langue allemande coop\u00e9rer avec toutes les institutions&#8230;<\/p>\n","protected":false},"author":1,"featured_media":0,"parent":0,"menu_order":20,"comment_status":"closed","ping_status":"closed","template":"","meta":{"_kadence_starter_templates_imported_post":false,"_kad_post_transparent":"","_kad_post_title":"","_kad_post_layout":"","_kad_post_sidebar_id":"","_kad_post_content_style":"","_kad_post_vertical_padding":"","_kad_post_feature":"","_kad_post_feature_position":"","_kad_post_header":false,"_kad_post_footer":false,"_kad_post_classname":"","footnotes":""},"class_list":["post-1762","page","type-page","status-publish","hentry"],"_links":{"self":[{"href":"https:\/\/boisleroijumelage.fr\/index.php\/wp-json\/wp\/v2\/pages\/1762","targetHints":{"allow":["GET"]}}],"collection":[{"href":"https:\/\/boisleroijumelage.fr\/index.php\/wp-json\/wp\/v2\/pages"}],"about":[{"href":"https:\/\/boisleroijumelage.fr\/index.php\/wp-json\/wp\/v2\/types\/page"}],"author":[{"embeddable":true,"href":"https:\/\/boisleroijumelage.fr\/index.php\/wp-json\/wp\/v2\/users\/1"}],"replies":[{"embeddable":true,"href":"https:\/\/boisleroijumelage.fr\/index.php\/wp-json\/wp\/v2\/comments?post=1762"}],"version-history":[{"count":3,"href":"https:\/\/boisleroijumelage.fr\/index.php\/wp-json\/wp\/v2\/pages\/1762\/revisions"}],"predecessor-version":[{"id":1767,"href":"https:\/\/boisleroijumelage.fr\/index.php\/wp-json\/wp\/v2\/pages\/1762\/revisions\/1767"}],"wp:attachment":[{"href":"https:\/\/boisleroijumelage.fr\/index.php\/wp-json\/wp\/v2\/media?parent=1762"}],"curies":[{"name":"wp","href":"https:\/\/api.w.org\/{rel}","templated":true}]}}