{"id":1833,"date":"2016-03-31T18:46:22","date_gmt":"2016-03-31T17:46:22","guid":{"rendered":"http:\/\/boisleroijumelage.fr\/?page_id=1833"},"modified":"2026-03-27T18:05:24","modified_gmt":"2026-03-27T17:05:24","slug":"adherer","status":"publish","type":"page","link":"https:\/\/boisleroijumelage.fr\/index.php\/infos-pratiques\/adherer\/","title":{"rendered":"Adh\u00e9rer"},"content":{"rendered":"\n<p><span style=\"color: #808000;\"><span style=\"color: #000000;\">Pour devenir membre(s) il suffit de&nbsp;remplir une fiche d\u2019inscription&nbsp;et de verser annuellement une cotisation.<\/span><\/span><\/p>\n\n\n\n<p>Le bulletin d&rsquo;adh\u00e9sion est t\u00e9l\u00e9chargeable&nbsp;<a style=\"color: #0000ff;\" href=\"http:\/\/boisleroijumelage.fr\/wp-content\/uploads\/2019\/01\/BulletinAdh\u00e9sion-2019.pdf\" target=\"_blank\" rel=\"noopener\">ic<\/a><a style=\"color: #0000ff;\" href=\"http:\/\/boisleroijumelage.fr\/wp-content\/uploads\/2019\/01\/BulletinAdh\u00e9sion-2019.pdf\">i.<\/a><\/p>\n\n\n\n<p>Merci&nbsp;de signaler tout changement de coordonn\u00e9es pour pouvoir rester en contact avec l\u2019association.<br>\nCes changements peuvent nous \u00eatre communiqu\u00e9s&nbsp;:<br>\n&#8211; soit lors de nos r\u00e9unions<br>\n&#8211; soit via l\u2019adresse \u00e9lectronique : &nbsp;boisleroijumelage@gmail.com<\/p>\n\n\n\n<p>\u00a0Le montant de l&rsquo;adh\u00e9sion est \u00e0 r\u00e9gler par ch\u00e8que \u00e0 l&rsquo;ordre de Bois le Roi jumelage.<\/p>\n\n\n\n<p>\u00a0Le formulaire et le ch\u00e8que sont \u00e0 d\u00e9poser \u00e0 :<\/p>\n\n\n\n<p>Bois le Roi jumelage<br>\nMairie de Bois le Roi<br>\n4 avenue Paul Doumer<br>\n77590 Bois le Roi<\/p>\n\n\n\n<p><\/p>\n","protected":false},"excerpt":{"rendered":"<p>Pour devenir membre(s) il suffit de&nbsp;remplir une fiche d\u2019inscription&nbsp;et de verser annuellement une cotisation. Le bulletin d&rsquo;adh\u00e9sion est t\u00e9l\u00e9chargeable&nbsp;ici. Merci&nbsp;de signaler tout changement de coordonn\u00e9es pour pouvoir rester en contact avec l\u2019association. Ces changements peuvent nous \u00eatre communiqu\u00e9s&nbsp;: &#8211; soit lors de nos r\u00e9unions &#8211; soit via l\u2019adresse \u00e9lectronique : &nbsp;boisleroijumelage@gmail.com \u00a0Le montant de l&rsquo;adh\u00e9sion&#8230;<\/p>\n","protected":false},"author":1,"featured_media":0,"parent":1821,"menu_order":20,"comment_status":"closed","ping_status":"closed","template":"","meta":{"_kadence_starter_templates_imported_post":false,"_kad_post_transparent":"","_kad_post_title":"","_kad_post_layout":"","_kad_post_sidebar_id":"","_kad_post_content_style":"","_kad_post_vertical_padding":"","_kad_post_feature":"","_kad_post_feature_position":"","_kad_post_header":false,"_kad_post_footer":false,"_kad_post_classname":"","footnotes":""},"class_list":["post-1833","page","type-page","status-publish","hentry"],"_links":{"self":[{"href":"https:\/\/boisleroijumelage.fr\/index.php\/wp-json\/wp\/v2\/pages\/1833","targetHints":{"allow":["GET"]}}],"collection":[{"href":"https:\/\/boisleroijumelage.fr\/index.php\/wp-json\/wp\/v2\/pages"}],"about":[{"href":"https:\/\/boisleroijumelage.fr\/index.php\/wp-json\/wp\/v2\/types\/page"}],"author":[{"embeddable":true,"href":"https:\/\/boisleroijumelage.fr\/index.php\/wp-json\/wp\/v2\/users\/1"}],"replies":[{"embeddable":true,"href":"https:\/\/boisleroijumelage.fr\/index.php\/wp-json\/wp\/v2\/comments?post=1833"}],"version-history":[{"count":13,"href":"https:\/\/boisleroijumelage.fr\/index.php\/wp-json\/wp\/v2\/pages\/1833\/revisions"}],"predecessor-version":[{"id":3516,"href":"https:\/\/boisleroijumelage.fr\/index.php\/wp-json\/wp\/v2\/pages\/1833\/revisions\/3516"}],"up":[{"embeddable":true,"href":"https:\/\/boisleroijumelage.fr\/index.php\/wp-json\/wp\/v2\/pages\/1821"}],"wp:attachment":[{"href":"https:\/\/boisleroijumelage.fr\/index.php\/wp-json\/wp\/v2\/media?parent=1833"}],"curies":[{"name":"wp","href":"https:\/\/api.w.org\/{rel}","templated":true}]}}