{"id":197,"date":"2014-07-27T17:30:29","date_gmt":"2014-07-27T16:30:29","guid":{"rendered":"http:\/\/localhost\/wordpress\/?page_id=197"},"modified":"2026-02-17T06:18:06","modified_gmt":"2026-02-17T05:18:06","slug":"annuelles","status":"publish","type":"page","link":"https:\/\/boisleroijumelage.fr\/index.php\/activites\/annuelles\/","title":{"rendered":"Programmes annuels"},"content":{"rendered":"<p><strong><u>P<\/u><\/strong><strong><u>rogramme d\u2019activit\u00e9s 2026<\/u><\/strong><\/p>\n<p><em><u>Activit\u00e9s ponctuelles<\/u><\/em><\/p>\n<table>\n<tbody>\n<tr>\n<td width=\"132\">Du 30 avril au 3 mai<\/td>\n<td width=\"472\">35 \u00e8me anniversaire du jumelage \u00e0 Langenargen<\/td>\n<\/tr>\n<tr>\n<td width=\"132\">Dimanche 14 juin<\/td>\n<td width=\"472\">Grill party<\/td>\n<\/tr>\n<tr>\n<td width=\"132\">Du 13 au 24 juillet<\/td>\n<td width=\"472\">Ferienjobs \u00e0 Langenargen<\/td>\n<\/tr>\n<tr>\n<td width=\"132\">Du 17 au 28 ao\u00fbt<\/td>\n<td width=\"472\">Ferienjobs \u00e0 Bois-le-Roi<\/td>\n<\/tr>\n<tr>\n<td width=\"132\">Du 24 au 28 ao\u00fbt<\/td>\n<td width=\"472\">Semaine des jeunes \u00e0 Bois-le-Roi<\/td>\n<\/tr>\n<tr>\n<td width=\"132\">Dimanche 6 septembre<\/td>\n<td width=\"472\">Forum des associations<\/td>\n<\/tr>\n<tr>\n<td width=\"132\">Samedi 3 octobre<\/td>\n<td width=\"472\">Soir\u00e9e Oktoberfest<\/td>\n<\/tr>\n<tr>\n<td width=\"132\">Dimanche 13 d\u00e9cembre<\/td>\n<td width=\"472\">March\u00e9 de No\u00eal place de la Gare<\/td>\n<\/tr>\n<tr>\n<td width=\"132\">Date \u00e0 d\u00e9terminer<\/td>\n<td width=\"472\">Kino et Stammtisch<\/td>\n<\/tr>\n<tr>\n<td width=\"132\"><\/td>\n<td width=\"472\"><\/td>\n<\/tr>\n<\/tbody>\n<\/table>\n<p>&nbsp;<\/p>\n<p><em><u>Activit\u00e9s r\u00e9guli\u00e8res<\/u><\/em><\/p>\n<p>Le premier dimanche de chaque mois, Kaff\u2019ap\u00e9ro \u00e0 11h au Caf\u00e9 de la Gare.<\/p>\n<p>&nbsp;<\/p>\n<p>Une \u00e0 deux fois par mois\u00a0: deutsch Caf\u00e9, rencontre de conversation allemande au Caf\u00e9 de la Gare<\/p>\n<p>&nbsp;<\/p>\n<p>&nbsp;<\/p>\n<p>&nbsp;<\/p>\n","protected":false},"excerpt":{"rendered":"<p>Programme d\u2019activit\u00e9s 2026 Activit\u00e9s ponctuelles Du 30 avril au 3 mai 35 \u00e8me anniversaire du jumelage \u00e0 Langenargen Dimanche 14 juin Grill party Du 13 au 24 juillet Ferienjobs \u00e0 Langenargen Du 17 au 28 ao\u00fbt Ferienjobs \u00e0 Bois-le-Roi Du 24 au 28 ao\u00fbt Semaine des jeunes \u00e0 Bois-le-Roi Dimanche 6 septembre Forum des associations&#8230;<\/p>\n","protected":false},"author":1,"featured_media":0,"parent":9,"menu_order":0,"comment_status":"closed","ping_status":"closed","template":"","meta":{"_kadence_starter_templates_imported_post":false,"_kad_post_transparent":"","_kad_post_title":"","_kad_post_layout":"","_kad_post_sidebar_id":"","_kad_post_content_style":"","_kad_post_vertical_padding":"","_kad_post_feature":"","_kad_post_feature_position":"","_kad_post_header":false,"_kad_post_footer":false,"_kad_post_classname":"","footnotes":""},"class_list":["post-197","page","type-page","status-publish","hentry"],"_links":{"self":[{"href":"https:\/\/boisleroijumelage.fr\/index.php\/wp-json\/wp\/v2\/pages\/197","targetHints":{"allow":["GET"]}}],"collection":[{"href":"https:\/\/boisleroijumelage.fr\/index.php\/wp-json\/wp\/v2\/pages"}],"about":[{"href":"https:\/\/boisleroijumelage.fr\/index.php\/wp-json\/wp\/v2\/types\/page"}],"author":[{"embeddable":true,"href":"https:\/\/boisleroijumelage.fr\/index.php\/wp-json\/wp\/v2\/users\/1"}],"replies":[{"embeddable":true,"href":"https:\/\/boisleroijumelage.fr\/index.php\/wp-json\/wp\/v2\/comments?post=197"}],"version-history":[{"count":10,"href":"https:\/\/boisleroijumelage.fr\/index.php\/wp-json\/wp\/v2\/pages\/197\/revisions"}],"predecessor-version":[{"id":3503,"href":"https:\/\/boisleroijumelage.fr\/index.php\/wp-json\/wp\/v2\/pages\/197\/revisions\/3503"}],"up":[{"embeddable":true,"href":"https:\/\/boisleroijumelage.fr\/index.php\/wp-json\/wp\/v2\/pages\/9"}],"wp:attachment":[{"href":"https:\/\/boisleroijumelage.fr\/index.php\/wp-json\/wp\/v2\/media?parent=197"}],"curies":[{"name":"wp","href":"https:\/\/api.w.org\/{rel}","templated":true}]}}