{"id":3282,"date":"2026-02-15T20:04:51","date_gmt":"2026-02-15T19:04:51","guid":{"rendered":"https:\/\/boisleroijumelage.fr\/?page_id=3282"},"modified":"2026-02-17T06:05:21","modified_gmt":"2026-02-17T05:05:21","slug":"essai","status":"publish","type":"page","link":"https:\/\/boisleroijumelage.fr\/","title":{"rendered":"Essai"},"content":{"rendered":"<style>.wp-block-kadence-advancedgallery.kb-gallery-wrap-id-3282_9187d3-c9{overflow:hidden;}.kb-gallery-id-3282_9187d3-c9 .kadence-blocks-gallery-item .kb-gal-image-radius, .kb-gallery-id-3282_9187d3-c9 .kb-slide-item .kb-gal-image-radius img{border-radius:0px 0px 0px 0px;;}.kb-gallery-caption-style-bottom.kb-gallery-id-3282_9187d3-c9 .kadence-blocks-gallery-item .kadence-blocks-gallery-item-inner .kadence-blocks-gallery-item__caption, .kb-gallery-caption-style-bottom-hover.kb-gallery-id-3282_9187d3-c9 .kadence-blocks-gallery-item .kadence-blocks-gallery-item-inner .kadence-blocks-gallery-item__caption{background:linear-gradient(0deg, rgba(0, 0, 0, 0.8) 0, rgba(0, 0, 0, 0) 100%);}.kb-gallery-wrap-id-3282_9187d3-c9.wp-block-kadence-advancedgallery{overflow:visible;}.kb-gallery-wrap-id-3282_9187d3-c9.wp-block-kadence-advancedgallery .kt-blocks-carousel{overflow:visible;}<\/style><div class=\"kb-gallery-wrap-id-3282_9187d3-c9 alignnone wp-block-kadence-advancedgallery\"><div class=\"kb-gallery-ul kb-gallery-non-static kb-gallery-type-carousel kb-gallery-id-3282_9187d3-c9 kb-gallery-caption-style-bottom kb-gallery-filter-none\" data-image-filter=\"none\" data-lightbox-caption=\"true\"><div class=\"kt-blocks-carousel splide kt-carousel-container-dotstyle-dark kt-carousel-arrowstyle-whiteondark kt-carousel-dotstyle-dark kb-slider-group-arrow kb-slider-arrow-position-center\" data-columns-xxl=\"1\" data-columns-xl=\"1\" data-columns-md=\"1\" data-columns-sm=\"1\" data-columns-xs=\"1\" data-columns-ss=\"1\" data-slider-anim-speed=\"100\" data-slider-scroll=\"all\" data-slider-arrows=\"true\" data-slider-dots=\"true\" data-slider-hover-pause=\"false\" data-slider-auto=\"1\" data-slider-speed=\"7000\" data-slider-gap=\"10px\" data-slider-gap-tablet=\"10px\" data-slider-gap-mobile=\"10px\" data-show-pause-button=\"false\" data-slider-label=\"Photo Gallery Carousel\"><div class=\"splide__track\"><ul class=\"kt-blocks-carousel-init kb-gallery-carousel splide__list\"><li class=\"kb-slide-item kb-gallery-carousel-item splide__slide\"><div class=\"kadence-blocks-gallery-item\"><div class=\"kadence-blocks-gallery-item-inner\"><figure class=\"kb-gallery-figure kadence-blocks-gallery-item-has-caption\"><div class=\"kb-gal-image-radius\"><div class=\"kb-gallery-image-contain kadence-blocks-gallery-intrinsic kb-gallery-image-ratio-land31 kb-has-image-ratio-land31\" ><img loading=\"lazy\" decoding=\"async\" src=\"https:\/\/boisleroijumelage.fr\/wp-content\/uploads\/2026\/02\/MarcheNoel2024-1-644x246.jpg\" width=\"644\" height=\"246\" alt=\"\" data-full-image=\"https:\/\/boisleroijumelage.fr\/wp-content\/uploads\/2026\/02\/MarcheNoel2024-1.jpg\" data-light-image=\"https:\/\/boisleroijumelage.fr\/wp-content\/uploads\/2026\/02\/MarcheNoel2024-1.jpg\" data-id=\"3285\" class=\"wp-image-3285 skip-lazy\" srcset=\"https:\/\/boisleroijumelage.fr\/wp-content\/uploads\/2026\/02\/MarcheNoel2024-1-644x246.jpg 644w, https:\/\/boisleroijumelage.fr\/wp-content\/uploads\/2026\/02\/MarcheNoel2024-1-300x115.jpg 300w, https:\/\/boisleroijumelage.fr\/wp-content\/uploads\/2026\/02\/MarcheNoel2024-1-768x294.jpg 768w, https:\/\/boisleroijumelage.fr\/wp-content\/uploads\/2026\/02\/MarcheNoel2024-1.jpg 960w\" sizes=\"auto, (max-width: 644px) 100vw, 644px\" \/><\/div><div class=\"kadence-blocks-gallery-item__caption\">March\u00e9 de No\u00ebl 2024<\/div><\/div><\/figure><\/div><\/div><\/li><li class=\"kb-slide-item kb-gallery-carousel-item splide__slide\"><div class=\"kadence-blocks-gallery-item\"><div class=\"kadence-blocks-gallery-item-inner\"><figure class=\"kb-gallery-figure kadence-blocks-gallery-item-has-caption\"><div class=\"kb-gal-image-radius\"><div class=\"kb-gallery-image-contain kadence-blocks-gallery-intrinsic kb-gallery-image-ratio-land31 kb-has-image-ratio-land31\" ><img loading=\"lazy\" decoding=\"async\" src=\"http:\/\/boisleroijumelage.fr\/wp-content\/uploads\/2026\/02\/Ferienjobs2025-2-644x216.png\" width=\"644\" height=\"216\" alt=\"\" data-full-image=\"http:\/\/boisleroijumelage.fr\/wp-content\/uploads\/2026\/02\/Ferienjobs2025-2.png\" data-light-image=\"http:\/\/boisleroijumelage.fr\/wp-content\/uploads\/2026\/02\/Ferienjobs2025-2.png\" data-id=\"3462\" class=\"wp-image-3462 skip-lazy\" srcset=\"https:\/\/boisleroijumelage.fr\/wp-content\/uploads\/2026\/02\/Ferienjobs2025-2-644x216.png 644w, https:\/\/boisleroijumelage.fr\/wp-content\/uploads\/2026\/02\/Ferienjobs2025-2-300x101.png 300w, https:\/\/boisleroijumelage.fr\/wp-content\/uploads\/2026\/02\/Ferienjobs2025-2-768x258.png 768w, https:\/\/boisleroijumelage.fr\/wp-content\/uploads\/2026\/02\/Ferienjobs2025-2-1536x516.png 1536w, https:\/\/boisleroijumelage.fr\/wp-content\/uploads\/2026\/02\/Ferienjobs2025-2.png 1755w\" sizes=\"auto, (max-width: 644px) 100vw, 644px\" \/><\/div><div class=\"kadence-blocks-gallery-item__caption\">Ferienjobs 2025<\/div><\/div><\/figure><\/div><\/div><\/li><li class=\"kb-slide-item kb-gallery-carousel-item splide__slide\"><div class=\"kadence-blocks-gallery-item\"><div class=\"kadence-blocks-gallery-item-inner\"><figure class=\"kb-gallery-figure kadence-blocks-gallery-item-has-caption\"><div class=\"kb-gal-image-radius\"><div class=\"kb-gallery-image-contain kadence-blocks-gallery-intrinsic kb-gallery-image-ratio-land31 kb-has-image-ratio-land31\" ><img loading=\"lazy\" decoding=\"async\" src=\"http:\/\/boisleroijumelage.fr\/wp-content\/uploads\/2026\/02\/MarcheNoel2025-644x234.png\" width=\"644\" height=\"234\" alt=\"\" data-full-image=\"http:\/\/boisleroijumelage.fr\/wp-content\/uploads\/2026\/02\/MarcheNoel2025-scaled.png\" data-light-image=\"http:\/\/boisleroijumelage.fr\/wp-content\/uploads\/2026\/02\/MarcheNoel2025-scaled.png\" data-id=\"3302\" class=\"wp-image-3302 skip-lazy\" srcset=\"https:\/\/boisleroijumelage.fr\/wp-content\/uploads\/2026\/02\/MarcheNoel2025-644x234.png 644w, https:\/\/boisleroijumelage.fr\/wp-content\/uploads\/2026\/02\/MarcheNoel2025-300x109.png 300w, https:\/\/boisleroijumelage.fr\/wp-content\/uploads\/2026\/02\/MarcheNoel2025-768x280.png 768w, https:\/\/boisleroijumelage.fr\/wp-content\/uploads\/2026\/02\/MarcheNoel2025-1536x559.png 1536w, https:\/\/boisleroijumelage.fr\/wp-content\/uploads\/2026\/02\/MarcheNoel2025-2048x745.png 2048w\" sizes=\"auto, (max-width: 644px) 100vw, 644px\" \/><\/div><div class=\"kadence-blocks-gallery-item__caption\">March\u00e9 de no\u00ebl 2025<\/div><\/div><\/figure><\/div><\/div><\/li><li class=\"kb-slide-item kb-gallery-carousel-item splide__slide\"><div class=\"kadence-blocks-gallery-item\"><div class=\"kadence-blocks-gallery-item-inner\"><figure class=\"kb-gallery-figure kadence-blocks-gallery-item-has-caption\"><div class=\"kb-gal-image-radius\"><div class=\"kb-gallery-image-contain kadence-blocks-gallery-intrinsic kb-gallery-image-ratio-land31 kb-has-image-ratio-land31\" ><img loading=\"lazy\" decoding=\"async\" src=\"http:\/\/boisleroijumelage.fr\/wp-content\/uploads\/2026\/02\/TourAVelos-1-644x235.png\" width=\"644\" height=\"235\" alt=\"\" data-full-image=\"http:\/\/boisleroijumelage.fr\/wp-content\/uploads\/2026\/02\/TourAVelos-1.png\" data-light-image=\"http:\/\/boisleroijumelage.fr\/wp-content\/uploads\/2026\/02\/TourAVelos-1.png\" data-id=\"3464\" class=\"wp-image-3464 skip-lazy\" srcset=\"https:\/\/boisleroijumelage.fr\/wp-content\/uploads\/2026\/02\/TourAVelos-1-644x235.png 644w, https:\/\/boisleroijumelage.fr\/wp-content\/uploads\/2026\/02\/TourAVelos-1-300x109.png 300w, https:\/\/boisleroijumelage.fr\/wp-content\/uploads\/2026\/02\/TourAVelos-1-768x280.png 768w, https:\/\/boisleroijumelage.fr\/wp-content\/uploads\/2026\/02\/TourAVelos-1-1536x560.png 1536w, https:\/\/boisleroijumelage.fr\/wp-content\/uploads\/2026\/02\/TourAVelos-1.png 1597w\" sizes=\"auto, (max-width: 644px) 100vw, 644px\" \/><\/div><div class=\"kadence-blocks-gallery-item__caption\">Tour \u00e0 v\u00e9los 2025<\/div><\/div><\/figure><\/div><\/div><\/li><\/ul><\/div><\/div><\/div><\/div>\n\n<style>.kb-posts-id-3282_3f864c-22 .kb-post-list-item{display:grid;}<\/style><ul class=\"wp-block-kadence-posts kb-posts kadence-posts-list kb-posts-id-3282_3f864c-22 content-wrap grid-cols kb-posts-style-boxed grid-sm-col-2 grid-lg-col-3 item-image-style-above\"><li class=\"kb-post-list-item\">\n\t<article class=\"entry content-bg loop-entry post-3528 post type-post status-publish format-standard hentry category-activites\">\n\t\t\t\t<div class=\"entry-content-wrap\">\n\t\t\t<header class=\"entry-header\">\n\t\t<div class=\"entry-taxonomies\">\n\t\t<span class=\"category-links term-links category-style-normal\">\n\t\t\t<a href=\"https:\/\/boisleroijumelage.fr\/index.php\/category\/activites\/\" class=\"category-link-activites\" rel=\"tag\">Activit\u00e9s<\/a>\t\t<\/span>\n\t<\/div><!-- .entry-taxonomies -->\n\t<h2 class=\"entry-title\"><a href=\"https:\/\/boisleroijumelage.fr\/index.php\/2026\/04\/26\/bureau-2026\/\" rel=\"bookmark\">Bureau 2026<\/a><\/h2>\t<div class=\"entry-meta entry-meta-divider-dot\">\n\t\t<\/div><!-- .entry-meta -->\n\t<\/header><!-- .entry-header -->\n\t<div class=\"entry-summary\">\n\t\t<p>Le Conseil d&rsquo;Administration r\u00e9unis le 12 mars 2026 a proc\u00e9d\u00e9 \u00e0 l&rsquo;\u00e9lection de son bureau et aux attributions des postes n\u00e9cessaires. Pr\u00e9sidente&nbsp;: Katya Hirsch. Vice-pr\u00e9sident&nbsp;: Guy Barbarin. Secr\u00e9taire&nbsp;: Pascal Pillet. Tr\u00e9sori\u00e8re&nbsp;: Carole Chaillou. Tr\u00e9sorier adjoint&nbsp;et gestion technique du site internet, du compte Facebook: Beno\u00eet S\u00e9n\u00e9chal. R\u00e9f\u00e9rent Mairie&nbsp;: Didier Durand. Changement \u00e9ventuel suite aux \u00e9lections municipales&#8230;<\/p>\n\t<\/div><!-- .entry-summary -->\n\t<footer class=\"entry-footer\">\n\t\t\t<div class=\"entry-actions\">\n\t\t\t<p class=\"more-link-wrap\">\n\t\t\t\t<a href=\"https:\/\/boisleroijumelage.fr\/index.php\/2026\/04\/26\/bureau-2026\/\" class=\"post-more-link\">\n\t\t\t\t\tLire la suite<span class=\"screen-reader-text\"> Bureau 2026<\/span><span class=\"kadence-svg-iconset svg-baseline\"><svg aria-hidden=\"true\" class=\"kadence-svg-icon kadence-arrow-right-alt-svg\" fill=\"currentColor\" version=\"1.1\" xmlns=\"http:\/\/www.w3.org\/2000\/svg\" width=\"27\" height=\"28\" viewBox=\"0 0 27 28\"><title>Continuer<\/title><path d=\"M27 13.953c0 0.141-0.063 0.281-0.156 0.375l-6 5.531c-0.156 0.141-0.359 0.172-0.547 0.094-0.172-0.078-0.297-0.25-0.297-0.453v-3.5h-19.5c-0.281 0-0.5-0.219-0.5-0.5v-3c0-0.281 0.219-0.5 0.5-0.5h19.5v-3.5c0-0.203 0.109-0.375 0.297-0.453s0.391-0.047 0.547 0.078l6 5.469c0.094 0.094 0.156 0.219 0.156 0.359v0z\"><\/path>\n\t\t\t<\/svg><\/span>\t\t\t\t<\/a>\n\t\t\t<\/p>\n\t\t<\/div><!-- .entry-actions -->\n\t\t<\/footer><!-- .entry-footer -->\t\t<\/div>\n\t<\/article>\n<\/li>\n<li class=\"kb-post-list-item\">\n\t<article class=\"entry content-bg loop-entry post-3524 post type-post status-publish format-standard hentry category-activites\">\n\t\t\t\t<div class=\"entry-content-wrap\">\n\t\t\t<header class=\"entry-header\">\n\t\t<div class=\"entry-taxonomies\">\n\t\t<span class=\"category-links term-links category-style-normal\">\n\t\t\t<a href=\"https:\/\/boisleroijumelage.fr\/index.php\/category\/activites\/\" class=\"category-link-activites\" rel=\"tag\">Activit\u00e9s<\/a>\t\t<\/span>\n\t<\/div><!-- .entry-taxonomies -->\n\t<h2 class=\"entry-title\"><a href=\"https:\/\/boisleroijumelage.fr\/index.php\/2026\/04\/26\/assemblee-generale\/\" rel=\"bookmark\">Assembl\u00e9e G\u00e9n\u00e9rale<\/a><\/h2>\t<div class=\"entry-meta entry-meta-divider-dot\">\n\t\t<\/div><!-- .entry-meta -->\n\t<\/header><!-- .entry-header -->\n\t<div class=\"entry-summary\">\n\t\t<p>L\u2019Assembl\u00e9e G\u00e9n\u00e9rale de notre association s\u2019est tenue le 8 f\u00e9vrier 2026 en pr\u00e9sence de 49 adh\u00e9rents et 4 pouvoirs. Une association dynamique tourn\u00e9e vers l\u2019avenirLa pr\u00e9sidente, Katya Hirsch, a rappel\u00e9 les priorit\u00e9s de l\u2019association : renforcer les \u00e9changes linguistiques et culturels avec l\u2019Allemagne, notamment avec la ville de Langenargen, et favoriser les rencontres entre les&#8230;<\/p>\n\t<\/div><!-- .entry-summary -->\n\t<footer class=\"entry-footer\">\n\t\t\t<div class=\"entry-actions\">\n\t\t\t<p class=\"more-link-wrap\">\n\t\t\t\t<a href=\"https:\/\/boisleroijumelage.fr\/index.php\/2026\/04\/26\/assemblee-generale\/\" class=\"post-more-link\">\n\t\t\t\t\tLire la suite<span class=\"screen-reader-text\"> Assembl\u00e9e G\u00e9n\u00e9rale<\/span><span class=\"kadence-svg-iconset svg-baseline\"><svg aria-hidden=\"true\" class=\"kadence-svg-icon kadence-arrow-right-alt-svg\" fill=\"currentColor\" version=\"1.1\" xmlns=\"http:\/\/www.w3.org\/2000\/svg\" width=\"27\" height=\"28\" viewBox=\"0 0 27 28\"><title>Continuer<\/title><path d=\"M27 13.953c0 0.141-0.063 0.281-0.156 0.375l-6 5.531c-0.156 0.141-0.359 0.172-0.547 0.094-0.172-0.078-0.297-0.25-0.297-0.453v-3.5h-19.5c-0.281 0-0.5-0.219-0.5-0.5v-3c0-0.281 0.219-0.5 0.5-0.5h19.5v-3.5c0-0.203 0.109-0.375 0.297-0.453s0.391-0.047 0.547 0.078l6 5.469c0.094 0.094 0.156 0.219 0.156 0.359v0z\"><\/path>\n\t\t\t<\/svg><\/span>\t\t\t\t<\/a>\n\t\t\t<\/p>\n\t\t<\/div><!-- .entry-actions -->\n\t\t<\/footer><!-- .entry-footer -->\t\t<\/div>\n\t<\/article>\n<\/li>\n<li class=\"kb-post-list-item\">\n\t<article class=\"entry content-bg loop-entry post-3509 post type-post status-publish format-standard hentry category-activites\">\n\t\t\t\t<div class=\"entry-content-wrap\">\n\t\t\t<header class=\"entry-header\">\n\t\t<div class=\"entry-taxonomies\">\n\t\t<span class=\"category-links term-links category-style-normal\">\n\t\t\t<a href=\"https:\/\/boisleroijumelage.fr\/index.php\/category\/activites\/\" class=\"category-link-activites\" rel=\"tag\">Activit\u00e9s<\/a>\t\t<\/span>\n\t<\/div><!-- .entry-taxonomies -->\n\t<h2 class=\"entry-title\"><a href=\"https:\/\/boisleroijumelage.fr\/index.php\/2026\/03\/27\/semaine-des-jeunes-2026\/\" rel=\"bookmark\">Semaine des jeunes 2026<\/a><\/h2>\t<div class=\"entry-meta entry-meta-divider-dot\">\n\t\t<\/div><!-- .entry-meta -->\n\t<\/header><!-- .entry-header -->\n\t<div class=\"entry-summary\">\n\t\t<p>\u00a0Vous \u00eates en train d\u2019organiser les vacances d\u2019\u00e9t\u00e9 de vos enfants ?Bois-le-Roi Jumelage a le plaisir de vous proposer\u00a0 une semaine Rencontre de Jeunes du lundi 24 au vendredi 28 ao\u00fbt 2026\u00a0Elle est r\u00e9serv\u00e9e aux jeunes de 12 \u00e0 16 ans.Cette semaine aura pour th\u00e8me \u2018Eau et For\u00eat\u2019.Elle proposera 4 jours d\u2019activit\u00e9s ou de sorties&#8230;<\/p>\n\t<\/div><!-- .entry-summary -->\n\t<footer class=\"entry-footer\">\n\t\t\t<div class=\"entry-actions\">\n\t\t\t<p class=\"more-link-wrap\">\n\t\t\t\t<a href=\"https:\/\/boisleroijumelage.fr\/index.php\/2026\/03\/27\/semaine-des-jeunes-2026\/\" class=\"post-more-link\">\n\t\t\t\t\tLire la suite<span class=\"screen-reader-text\"> Semaine des jeunes 2026<\/span><span class=\"kadence-svg-iconset svg-baseline\"><svg aria-hidden=\"true\" class=\"kadence-svg-icon kadence-arrow-right-alt-svg\" fill=\"currentColor\" version=\"1.1\" xmlns=\"http:\/\/www.w3.org\/2000\/svg\" width=\"27\" height=\"28\" viewBox=\"0 0 27 28\"><title>Continuer<\/title><path d=\"M27 13.953c0 0.141-0.063 0.281-0.156 0.375l-6 5.531c-0.156 0.141-0.359 0.172-0.547 0.094-0.172-0.078-0.297-0.25-0.297-0.453v-3.5h-19.5c-0.281 0-0.5-0.219-0.5-0.5v-3c0-0.281 0.219-0.5 0.5-0.5h19.5v-3.5c0-0.203 0.109-0.375 0.297-0.453s0.391-0.047 0.547 0.078l6 5.469c0.094 0.094 0.156 0.219 0.156 0.359v0z\"><\/path>\n\t\t\t<\/svg><\/span>\t\t\t\t<\/a>\n\t\t\t<\/p>\n\t\t<\/div><!-- .entry-actions -->\n\t\t<\/footer><!-- .entry-footer -->\t\t<\/div>\n\t<\/article>\n<\/li>\n<li class=\"kb-post-list-item\">\n\t<article class=\"entry content-bg loop-entry post-3496 post type-post status-publish format-standard hentry category-activites\">\n\t\t\t\t<div class=\"entry-content-wrap\">\n\t\t\t<header class=\"entry-header\">\n\t\t<div class=\"entry-taxonomies\">\n\t\t<span class=\"category-links term-links category-style-normal\">\n\t\t\t<a href=\"https:\/\/boisleroijumelage.fr\/index.php\/category\/activites\/\" class=\"category-link-activites\" rel=\"tag\">Activit\u00e9s<\/a>\t\t<\/span>\n\t<\/div><!-- .entry-taxonomies -->\n\t<h2 class=\"entry-title\"><a href=\"https:\/\/boisleroijumelage.fr\/index.php\/2026\/02\/17\/programme-2026\/\" rel=\"bookmark\">Programme 2026<\/a><\/h2>\t<div class=\"entry-meta entry-meta-divider-dot\">\n\t\t<\/div><!-- .entry-meta -->\n\t<\/header><!-- .entry-header -->\n\t<div class=\"entry-summary\">\n\t\t<p>Lundi 2 f\u00e9vrier : R\u00e9union vid\u00e9o inter-comit\u00e9s.Dimanche 8 f\u00e9vrier : Assembl\u00e9e G\u00e9n\u00e9rale.Du 30 avril au 3 mai : 35\u00e8me anniversaire \u00e0 Langenargen.Kino Abend : dates et films \u00e0 d\u00e9terminer.Dimanche 14 juin : Grill Party.Du 13 au 24 juillet : Ferienjobs \u00e0 Langenargen.Du 17 au 28 ao\u00fbt : Ferienjobs \u00e0 Bois-le-Roi.Du 24 au 28 ao\u00fbt :&#8230;<\/p>\n\t<\/div><!-- .entry-summary -->\n\t<footer class=\"entry-footer\">\n\t\t\t<div class=\"entry-actions\">\n\t\t\t<p class=\"more-link-wrap\">\n\t\t\t\t<a href=\"https:\/\/boisleroijumelage.fr\/index.php\/2026\/02\/17\/programme-2026\/\" class=\"post-more-link\">\n\t\t\t\t\tLire la suite<span class=\"screen-reader-text\"> Programme 2026<\/span><span class=\"kadence-svg-iconset svg-baseline\"><svg aria-hidden=\"true\" class=\"kadence-svg-icon kadence-arrow-right-alt-svg\" fill=\"currentColor\" version=\"1.1\" xmlns=\"http:\/\/www.w3.org\/2000\/svg\" width=\"27\" height=\"28\" viewBox=\"0 0 27 28\"><title>Continuer<\/title><path d=\"M27 13.953c0 0.141-0.063 0.281-0.156 0.375l-6 5.531c-0.156 0.141-0.359 0.172-0.547 0.094-0.172-0.078-0.297-0.25-0.297-0.453v-3.5h-19.5c-0.281 0-0.5-0.219-0.5-0.5v-3c0-0.281 0.219-0.5 0.5-0.5h19.5v-3.5c0-0.203 0.109-0.375 0.297-0.453s0.391-0.047 0.547 0.078l6 5.469c0.094 0.094 0.156 0.219 0.156 0.359v0z\"><\/path>\n\t\t\t<\/svg><\/span>\t\t\t\t<\/a>\n\t\t\t<\/p>\n\t\t<\/div><!-- .entry-actions -->\n\t\t<\/footer><!-- .entry-footer -->\t\t<\/div>\n\t<\/article>\n<\/li>\n<li class=\"kb-post-list-item\">\n\t<article class=\"entry content-bg loop-entry post-3489 post type-post status-publish format-standard hentry category-activites\">\n\t\t\t\t<div class=\"entry-content-wrap\">\n\t\t\t<header class=\"entry-header\">\n\t\t<div class=\"entry-taxonomies\">\n\t\t<span class=\"category-links term-links category-style-normal\">\n\t\t\t<a href=\"https:\/\/boisleroijumelage.fr\/index.php\/category\/activites\/\" class=\"category-link-activites\" rel=\"tag\">Activit\u00e9s<\/a>\t\t<\/span>\n\t<\/div><!-- .entry-taxonomies -->\n\t<h2 class=\"entry-title\"><a href=\"https:\/\/boisleroijumelage.fr\/index.php\/2026\/02\/17\/marche-de-noel\/\" rel=\"bookmark\">March\u00e9 de No\u00ebl<\/a><\/h2>\t<div class=\"entry-meta entry-meta-divider-dot\">\n\t\t<\/div><!-- .entry-meta -->\n\t<\/header><!-- .entry-header -->\n\t<div class=\"entry-summary\">\n\t\t<p>Le stand du jumelage au march\u00e9 de No\u00ebl le dimanche 14 d\u00e9cembre. L&rsquo;occasion de gouter les saucisses allemandes, les bretzels de la boulangerie Bisson \u00e0 Bois-le-Roi, les biscuits r\u00e9alis\u00e9s par les adh\u00e9rents.<\/p>\n\t<\/div><!-- .entry-summary -->\n\t<footer class=\"entry-footer\">\n\t\t\t<div class=\"entry-actions\">\n\t\t\t<p class=\"more-link-wrap\">\n\t\t\t\t<a href=\"https:\/\/boisleroijumelage.fr\/index.php\/2026\/02\/17\/marche-de-noel\/\" class=\"post-more-link\">\n\t\t\t\t\tLire la suite<span class=\"screen-reader-text\"> March\u00e9 de No\u00ebl<\/span><span class=\"kadence-svg-iconset svg-baseline\"><svg aria-hidden=\"true\" class=\"kadence-svg-icon kadence-arrow-right-alt-svg\" fill=\"currentColor\" version=\"1.1\" xmlns=\"http:\/\/www.w3.org\/2000\/svg\" width=\"27\" height=\"28\" viewBox=\"0 0 27 28\"><title>Continuer<\/title><path d=\"M27 13.953c0 0.141-0.063 0.281-0.156 0.375l-6 5.531c-0.156 0.141-0.359 0.172-0.547 0.094-0.172-0.078-0.297-0.25-0.297-0.453v-3.5h-19.5c-0.281 0-0.5-0.219-0.5-0.5v-3c0-0.281 0.219-0.5 0.5-0.5h19.5v-3.5c0-0.203 0.109-0.375 0.297-0.453s0.391-0.047 0.547 0.078l6 5.469c0.094 0.094 0.156 0.219 0.156 0.359v0z\"><\/path>\n\t\t\t<\/svg><\/span>\t\t\t\t<\/a>\n\t\t\t<\/p>\n\t\t<\/div><!-- .entry-actions -->\n\t\t<\/footer><!-- .entry-footer -->\t\t<\/div>\n\t<\/article>\n<\/li>\n<li class=\"kb-post-list-item\">\n\t<article class=\"entry content-bg loop-entry post-3486 post type-post status-publish format-standard hentry category-activites\">\n\t\t\t\t<div class=\"entry-content-wrap\">\n\t\t\t<header class=\"entry-header\">\n\t\t<div class=\"entry-taxonomies\">\n\t\t<span class=\"category-links term-links category-style-normal\">\n\t\t\t<a href=\"https:\/\/boisleroijumelage.fr\/index.php\/category\/activites\/\" class=\"category-link-activites\" rel=\"tag\">Activit\u00e9s<\/a>\t\t<\/span>\n\t<\/div><!-- .entry-taxonomies -->\n\t<h2 class=\"entry-title\"><a href=\"https:\/\/boisleroijumelage.fr\/index.php\/2026\/02\/17\/forum-des-associations-2025\/\" rel=\"bookmark\">Forum des associations 2025<\/a><\/h2>\t<div class=\"entry-meta entry-meta-divider-dot\">\n\t\t<\/div><!-- .entry-meta -->\n\t<\/header><!-- .entry-header -->\n\t<div class=\"entry-summary\">\n\t\t<p>Participation au forum des association de Bois-le-Roi le dimanche 7 septembre.<\/p>\n\t<\/div><!-- .entry-summary -->\n\t<footer class=\"entry-footer\">\n\t\t\t<div class=\"entry-actions\">\n\t\t\t<p class=\"more-link-wrap\">\n\t\t\t\t<a href=\"https:\/\/boisleroijumelage.fr\/index.php\/2026\/02\/17\/forum-des-associations-2025\/\" class=\"post-more-link\">\n\t\t\t\t\tLire la suite<span class=\"screen-reader-text\"> Forum des associations 2025<\/span><span class=\"kadence-svg-iconset svg-baseline\"><svg aria-hidden=\"true\" class=\"kadence-svg-icon kadence-arrow-right-alt-svg\" fill=\"currentColor\" version=\"1.1\" xmlns=\"http:\/\/www.w3.org\/2000\/svg\" width=\"27\" height=\"28\" viewBox=\"0 0 27 28\"><title>Continuer<\/title><path d=\"M27 13.953c0 0.141-0.063 0.281-0.156 0.375l-6 5.531c-0.156 0.141-0.359 0.172-0.547 0.094-0.172-0.078-0.297-0.25-0.297-0.453v-3.5h-19.5c-0.281 0-0.5-0.219-0.5-0.5v-3c0-0.281 0.219-0.5 0.5-0.5h19.5v-3.5c0-0.203 0.109-0.375 0.297-0.453s0.391-0.047 0.547 0.078l6 5.469c0.094 0.094 0.156 0.219 0.156 0.359v0z\"><\/path>\n\t\t\t<\/svg><\/span>\t\t\t\t<\/a>\n\t\t\t<\/p>\n\t\t<\/div><!-- .entry-actions -->\n\t\t<\/footer><!-- .entry-footer -->\t\t<\/div>\n\t<\/article>\n<\/li>\n<\/ul>","protected":false},"excerpt":{"rendered":"","protected":false},"author":3,"featured_media":0,"parent":0,"menu_order":0,"comment_status":"closed","ping_status":"closed","template":"","meta":{"_kadence_starter_templates_imported_post":false,"_kad_post_transparent":"","_kad_post_title":"","_kad_post_layout":"","_kad_post_sidebar_id":"","_kad_post_content_style":"","_kad_post_vertical_padding":"","_kad_post_feature":"","_kad_post_feature_position":"","_kad_post_header":false,"_kad_post_footer":false,"_kad_post_classname":"","footnotes":""},"class_list":["post-3282","page","type-page","status-publish","hentry"],"_links":{"self":[{"href":"https:\/\/boisleroijumelage.fr\/index.php\/wp-json\/wp\/v2\/pages\/3282","targetHints":{"allow":["GET"]}}],"collection":[{"href":"https:\/\/boisleroijumelage.fr\/index.php\/wp-json\/wp\/v2\/pages"}],"about":[{"href":"https:\/\/boisleroijumelage.fr\/index.php\/wp-json\/wp\/v2\/types\/page"}],"author":[{"embeddable":true,"href":"https:\/\/boisleroijumelage.fr\/index.php\/wp-json\/wp\/v2\/users\/3"}],"replies":[{"embeddable":true,"href":"https:\/\/boisleroijumelage.fr\/index.php\/wp-json\/wp\/v2\/comments?post=3282"}],"version-history":[{"count":18,"href":"https:\/\/boisleroijumelage.fr\/index.php\/wp-json\/wp\/v2\/pages\/3282\/revisions"}],"predecessor-version":[{"id":3500,"href":"https:\/\/boisleroijumelage.fr\/index.php\/wp-json\/wp\/v2\/pages\/3282\/revisions\/3500"}],"wp:attachment":[{"href":"https:\/\/boisleroijumelage.fr\/index.php\/wp-json\/wp\/v2\/media?parent=3282"}],"curies":[{"name":"wp","href":"https:\/\/api.w.org\/{rel}","templated":true}]}}