{"id":9,"date":"2014-07-24T20:35:12","date_gmt":"2014-07-24T19:35:12","guid":{"rendered":"http:\/\/localhost\/wordpress\/?page_id=8"},"modified":"2016-03-10T18:53:24","modified_gmt":"2016-03-10T17:53:24","slug":"activites","status":"publish","type":"page","link":"https:\/\/boisleroijumelage.fr\/index.php\/activites\/","title":{"rendered":"Activit\u00e9s"},"content":{"rendered":"<p>&nbsp;<\/p>\n<ul>\n<li>Retrouvez <a title=\"Activit\u00e9s annuelles\" href=\"http:\/\/boisleroijumelage.fr\/index.php\/activites\/annuelles\/\">ann\u00e9e par\u00a0ann\u00e9e le r\u00e9sum\u00e9 de toutes nos activit\u00e9s pass\u00e9es<\/a>, des t\u00e9moignages, des photos et bien plus encore !<span style=\"color: #444444;\">\u00a0<\/span><\/li>\n<\/ul>\n<ul>\n<li>\u00a0D\u00e9couvrez le <a title=\"Activit\u00e9s r\u00e9currentes\" href=\"http:\/\/boisleroijumelage.fr\/index.php\/activites\/recurrentes\/\">principe de nos\u00a0activit\u00e9s r\u00e9currentes<\/a> qui rythment chaque ann\u00e9e la vie de notre jumelage <span style=\"color: #444444;\">! (Uferfest, Ferienjobs, Semaine des jeunes, Kaffeekr\u00e4nze, Stammtische, Festival of Europe&#8230;)<\/span><\/li>\n<\/ul>\n","protected":false},"excerpt":{"rendered":"<p>&nbsp; Retrouvez ann\u00e9e par\u00a0ann\u00e9e le r\u00e9sum\u00e9 de toutes nos activit\u00e9s pass\u00e9es, des t\u00e9moignages, des photos et bien plus encore !\u00a0 \u00a0D\u00e9couvrez le principe de nos\u00a0activit\u00e9s r\u00e9currentes qui rythment chaque ann\u00e9e la vie de notre jumelage ! (Uferfest, Ferienjobs, Semaine des jeunes, Kaffeekr\u00e4nze, Stammtische, Festival of Europe&#8230;)<\/p>\n","protected":false},"author":1,"featured_media":0,"parent":0,"menu_order":30,"comment_status":"closed","ping_status":"closed","template":"","meta":{"_kadence_starter_templates_imported_post":false,"_kad_post_transparent":"","_kad_post_title":"","_kad_post_layout":"","_kad_post_sidebar_id":"","_kad_post_content_style":"","_kad_post_vertical_padding":"","_kad_post_feature":"","_kad_post_feature_position":"","_kad_post_header":false,"_kad_post_footer":false,"_kad_post_classname":"","footnotes":""},"class_list":["post-9","page","type-page","status-publish","hentry"],"_links":{"self":[{"href":"https:\/\/boisleroijumelage.fr\/index.php\/wp-json\/wp\/v2\/pages\/9","targetHints":{"allow":["GET"]}}],"collection":[{"href":"https:\/\/boisleroijumelage.fr\/index.php\/wp-json\/wp\/v2\/pages"}],"about":[{"href":"https:\/\/boisleroijumelage.fr\/index.php\/wp-json\/wp\/v2\/types\/page"}],"author":[{"embeddable":true,"href":"https:\/\/boisleroijumelage.fr\/index.php\/wp-json\/wp\/v2\/users\/1"}],"replies":[{"embeddable":true,"href":"https:\/\/boisleroijumelage.fr\/index.php\/wp-json\/wp\/v2\/comments?post=9"}],"version-history":[{"count":2,"href":"https:\/\/boisleroijumelage.fr\/index.php\/wp-json\/wp\/v2\/pages\/9\/revisions"}],"predecessor-version":[{"id":1534,"href":"https:\/\/boisleroijumelage.fr\/index.php\/wp-json\/wp\/v2\/pages\/9\/revisions\/1534"}],"wp:attachment":[{"href":"https:\/\/boisleroijumelage.fr\/index.php\/wp-json\/wp\/v2\/media?parent=9"}],"curies":[{"name":"wp","href":"https:\/\/api.w.org\/{rel}","templated":true}]}}